{"id":27161,"date":"2024-03-26T14:41:05","date_gmt":"2024-03-26T14:41:05","guid":{"rendered":"https:\/\/exciting-knuth.178-32-140-152.plesk.page\/invocazioni-entrate-nelluso-dei-fedeli-indulgenziate\/"},"modified":"2024-03-27T17:05:55","modified_gmt":"2024-03-27T17:05:55","slug":"invocaciones-introducidas-por-la-costumbre","status":"publish","type":"page","link":"https:\/\/www.donbosco.press\/es\/invocaciones-introducidas-por-la-costumbre\/","title":{"rendered":"Invocaciones introducidas por la costumbre"},"content":{"rendered":"\n<head>\n<meta charset=\"utf-8\">\n<title><\/title>\n        <style>\n            .table {\n                border-collapse: collapse;\n            }\n            .table__header {\n                background-color: transparent;\n                border: none;\n                cursor: pointer;\n            }\n            .table,\n            .table th,\n            .table td {\n                border: 1px solid #ccc;\n\t\t\t\tvertical-align: middle;\n            }\n            .table th,\n            .table td {\n                padding: 0.5rem;\n            }\n            .table th {\n                cursor: pointer;\n                text-decoration: \n            }\n\t\t\ttable a {color:blue !important; text-decoration: underline;} \n        <\/style>\n<\/head>\n\n<body>\n\n<table cellspacing=\"0\" cellpadding=\"0\" id=\"sortMe\" class=\"table\">\n            <thead>\n                <tr>\n                  <th align=\"center\"><u><h3 style=\"color:blue;\">N.<\/h3><\/u><\/th>\n                  <th align=\"center\"><u><h3 style=\"color:blue;\">Invocationes usu receptae<\/h3><\/u><\/th>\n                  <th align=\"center\"><u><h3 style=\"color:blue;\">Invocaciones introducidas por la costumbre<\/h3><\/u><\/th>\n                <\/tr>\n            <\/thead>\n            <tbody>\n  <tr>\n    <td><p>01 <\/p><\/td>\n    <td><p>Adoramus te, Christe, et benedicimus tibi;    quia per Crucem tuam redemisti mundum.<\/p><\/td>\n    <td><p>Te adoramos, oh, Cristo, y te bendecimos, porque con tu cruz has redimido    al mundo.<\/p><\/td>\n  <\/tr>\n  <tr>\n    <td><p>02 <\/p><\/td>\n    <td><p>Benedicta sit sancta Trinitas.<\/p><\/td>\n    <td><p>Bendita sea la santa Trinidad.<\/p><\/td>\n  <\/tr>\n  <tr>\n    <td><p>03 <\/p><\/td>\n    <td><p>Christus vincit! Christus regnat! Christus    imperat!<\/p><\/td>\n    <td><p>Cristo vence, Cristo reina, Cristo impera.<\/p><\/td>\n  <\/tr>\n  <tr>\n    <td><p>04 <\/p><\/td>\n    <td><p>Cor Iesu sacratissimum, miserere nobis<\/p><\/td>\n    <td><p>Coraz\u00f3n de Jes\u00fas, ardiente de amor a nosotros, inflama nuestro coraz\u00f3n en    el amor a ti.<\/p><\/td>\n  <\/tr>\n  <tr>\n    <td><p>05 <\/p><\/td>\n    <td><p>Cor Iesu, flagrans amore nostri, inflamma    cor nostrum amore tui.<\/p><\/td>\n    <td><p>Coraz\u00f3n de Jes\u00fas, en ti conf\u00edo.<\/p><\/td>\n  <\/tr>\n  <tr>\n    <td><p>06 <\/p><\/td>\n    <td><p>Cor Iesu, in te confido.<\/p><\/td>\n    <td><p>Coraz\u00f3n de Jes\u00fas, todo por ti.<\/p><\/td>\n  <\/tr>\n  <tr>\n    <td><p>07 <\/p><\/td>\n    <td><p>Cor Iesu, omnia pro te.<\/p><\/td>\n    <td><p>Sagrado Coraz\u00f3n de Jes\u00fas, ten piedad de nosotros.<\/p><\/td>\n  <\/tr>\n  <tr>\n    <td><p>08 <\/p><\/td>\n    <td><p>Deus meus et omnia.<\/p><\/td>\n    <td><p>Dios m\u00edo y todo mi bien.<\/p><\/td>\n  <\/tr>\n  <tr>\n    <td><p>09 <\/p><\/td>\n    <td><p>Deus, propitius esto mihi peccatori.<\/p><\/td>\n    <td><p>\u00a1Oh, Dios!, ten compasi\u00f3n de este pecador. (Lc 18,13)<\/p><\/td>\n  <\/tr>\n  <tr>\n    <td><p>10 <\/p><\/td>\n    <td><p>Dignare me laudare te, Virgo sacrata; da    mihi virtutem contra hostes tuos.<\/p><\/td>\n    <td><p>Permite que te alabe, Virgen sagrada; dame fuerza contra tus enemigos.<\/p><\/td>\n  <\/tr>\n  <tr>\n    <td><p>11 <\/p><\/td>\n    <td><p>Doce me facere voluntatem tuam, quia Deus    meus es tu.<\/p><\/td>\n    <td><p>Ens\u00e9\u00f1ame a cumplir tu voluntad ya que t\u00fa eres mi Dios. (Ps 143 [Vg 142]    10)<\/p><\/td>\n  <\/tr>\n  <tr>\n    <td><p>12 <\/p><\/td>\n    <td><p>Domine, adauge nobis fidem.<\/p><\/td>\n    <td><p>Se\u00f1or, aum\u00e9ntanos la fe. (Lc 17,5)<\/p><\/td>\n  <\/tr>\n  <tr>\n    <td><p>13 <\/p><\/td>\n    <td><p>Domine, fiat unitas mentium in veritate et    unitas cordium in caritate.<\/p><\/td>\n    <td><p>Se\u00f1or, que se realice la unidad de las mentes en la verdad y la unidad de    los corazones en la caridad.<\/p><\/td>\n  <\/tr>\n  <tr>\n    <td><p>14 <\/p><\/td>\n    <td><p>Domine, salva nos perimus.<\/p><\/td>\n    <td><p>\u00a1Se\u00f1or, s\u00e1lvanos que nos hundimos! (Mt 8,25)<\/p><\/td>\n  <\/tr>\n  <tr>\n    <td><p>15 <\/p><\/td>\n    <td><p>Dominus meus et Deus meus!<\/p><\/td>\n    <td><p>\u00a1Se\u00f1or m\u00edo y Dios m\u00edo! (Io 20,28)<\/p><\/td>\n  <\/tr>\n  <tr>\n    <td><p>16 <\/p><\/td>\n    <td><p>Dulce cor Mariae, esto salus mea.<\/p><\/td>\n    <td><p>Dulce coraz\u00f3n de Mar\u00eda, s\u00e9 mi salvaci\u00f3n.<\/p><\/td>\n  <\/tr>\n  <tr>\n    <td><p>17 <\/p><\/td>\n    <td><p>Gloria Patri et Filio et Spiritui Sancto.<\/p><\/td>\n    <td><p>Gloria al Padre, y al Hijo, y al Esp\u00edritu Santo.<\/p><\/td>\n  <\/tr>\n  <tr>\n    <td><p>18 <\/p><\/td>\n    <td><p>Iesu, Maria, Ioseph.<\/p><\/td>\n    <td><p>Jes\u00fas, Mar\u00eda, Jos\u00e9.<\/p><\/td>\n  <\/tr>\n  <tr>\n    <td><p>19 <\/p><\/td>\n    <td><p>Iesu, Maria, Ioseph, adstate mihi in    extremo agone.<\/p><\/td>\n    <td><p>Jes\u00fas, Jos\u00e9 y Mar\u00eda, os doy el coraz\u00f3n y el alma m\u00eda; Jes\u00fas, Jos\u00e9 y    Mar\u00eda, asistidme en mi \u00faltima agon\u00eda; Jes\u00fas, Jos\u00e9 y Mar\u00eda, descanse en paz    con vos el alma m\u00eda.<\/p><\/td>\n  <\/tr>\n  <tr>\n    <td><p>20 <\/p><\/td>\n    <td><p>Iesu, Maria, Ioseph, in pace vobiscum    dormiam et requiescam.<\/p><\/td>\n    <td><p>Jes\u00fas, manso y humilde de coraz\u00f3n, haz nuestro coraz\u00f3n semejante al tuyo.<\/p><\/td>\n  <\/tr>\n  <tr>\n    <td><p>21 <\/p><\/td>\n    <td><p>Iesu, Maria, Ioseph, vobis cor et animam    meam dono.<\/p><\/td>\n    <td><p>Sea alabado y adorado por siempre el Sant\u00edsimo Sacramento.<\/p><\/td>\n  <\/tr>\n  <tr>\n    <td><p>22 <\/p><\/td>\n    <td><p>Iesu, mitis et humilis corde, fac cor    nostrum secundum Cor tuum.<\/p><\/td>\n    <td><p>Qu\u00e9date con nosotros, Se\u00f1or. (Lc 24,29).<\/p><\/td>\n  <\/tr>\n  <tr>\n    <td><p>23 <\/p><\/td>\n    <td><p>Laudetur et adoretur in aeternum    sanctissimum Sacramentum.<\/p><\/td>\n    <td><p>Madre dolorosa, ruega por nosotros.<\/p><\/td>\n  <\/tr>\n  <tr>\n    <td><p>24 <\/p><\/td>\n    <td><p>Mane nobiscum, Domine.<\/p><\/td>\n    <td><p>Madre m\u00eda, confianza m\u00eda.<\/p><\/td>\n  <\/tr>\n  <tr>\n    <td><p>25 <\/p><\/td>\n    <td><p>Mater dolorosa, ora pro nobis.<\/p><\/td>\n    <td><p>Env\u00eda, Se\u00f1or, obreros a tu mies. (Mt 9,38).<\/p><\/td>\n  <\/tr>\n  <tr>\n    <td><p>26 <\/p><\/td>\n    <td><p>Mater mea, fiducia mea.<\/p><\/td>\n    <td><p>Que nos bendiga la Virgen Mar\u00eda, junto con su sant\u00edsimo Hijo.<\/p><\/td>\n  <\/tr>\n  <tr>\n    <td><p>27 <\/p><\/td>\n    <td><p>Mitte, Domine, operarios in messem tuam.<\/p><\/td>\n    <td><p>Dios te salve, cruz, \u00fanica esperanza.<\/p><\/td>\n  <\/tr>\n  <tr>\n    <td><p>28 <\/p><\/td>\n    <td><p>Nos cum prole pia benedicat Virgo Maria.<\/p><\/td>\n    <td><p>Santos y santas de Dios, interceded por nosotros.<\/p><\/td>\n  <\/tr>\n  <tr>\n    <td><p>29 <\/p><\/td>\n    <td><p>O crux, ave, spes unica.<\/p><\/td>\n    <td><p>Ruega por nosotros, santa Madre de Dios, para que seamos dignos de    alcanzar las promesas de Jesucristo.<\/p><\/td>\n  <\/tr>\n  <tr>\n    <td><p>30 <\/p><\/td>\n    <td><p>Omnes Sancti et Sanctae Dei, orate pro    nobis.<\/p><\/td>\n    <td><p>Padre, a tus manos encomiendo mi esp\u00edritu. (Lc 23,46; Ps 31,6).<\/p><\/td>\n  <\/tr>\n  <tr>\n    <td><p>31 <\/p><\/td>\n    <td><p>Ora pro nobis, sancta Dei Genetrix, ut    digni efficiamur promissionibus Christi.<\/p><\/td>\n    <td><p>Jes\u00fas, Se\u00f1or compasivo, dales el descanso eterno.<\/p><\/td>\n  <\/tr>\n  <tr>\n    <td><p>32 <\/p><\/td>\n    <td><p>Pater, in manus tuas commendo spiritum    meum.<\/p><\/td>\n    <td><p>Reina concebida sin pecado original, ruega por nosotros.<\/p><\/td>\n  <\/tr>\n  <tr>\n    <td><p>33 <\/p><\/td>\n    <td><p>Pie Iesu Domine, dona eis requiem.<\/p><\/td>\n    <td><p>Santa Madre de Dios, siempre Virgen Mar\u00eda, intercede por nosotros.<\/p><\/td>\n  <\/tr>\n  <tr>\n    <td><p>34 <\/p><\/td>\n    <td><p>Regina sine labe originali concepta, ora    pro nobis.<\/p><\/td>\n    <td><p>Santa Mar\u00eda, Madre de Dios, ruega por m\u00ed.<\/p><\/td>\n  <\/tr>\n  <tr>\n    <td><p>35 <\/p><\/td>\n    <td><p>Sancta Dei Genetrix, semper Virgo Maria,    intercede pro nobis.<\/p><\/td>\n    <td><p>T\u00fa eres el Mes\u00edas, el Hijo de Dios vivo. (Mt 16,16).<\/p><\/td>\n  <\/tr>\n  <tr>\n    <td><p>36 <\/p><\/td>\n    <td><p>Sancta Maria, Mater Dei, ora pro me.<\/p><\/td>\n    <td><p>Te adoramos, oh, Cristo, y te bendecimos, porque con tu cruz has redimido    al mundo.<\/p><\/td>\n  <\/tr>\n  <tr>\n    <td><p>37 <\/p><\/td>\n    <td><p>Tu es Christus, Filius Dei vivi.<\/p><\/td>\n    <td><p>Bendita sea la santa Trinidad.<\/p><\/td>\n  <\/tr>\n  <tr>\n    <td><p>&nbsp;<\/p><\/td>\n    <td valign=\"top\"><p><em><br>\n      Omnes invocationes usu receptae:<br>\n      <\/em><br>\n      <em>&#8211; Orationes cum indulgentiae, Enchiridion Indulgentiarum Appendix;<br>\n        &#8211; Textum venit: Enchiridion Indulgentiarum<\/em><em>,<\/em><em> Appendix.<br>\n        <\/em><\/p><\/td>\n    <td valign=\"top\"><p><em><br>\n      Todas las invocaciones que han entrado en el uso de los fieles:<br>\n      <br>\n      <\/em><em>&#8211; Uso: jaculatorias;<br>\n        &#8211; Origen: Sagrada Escritura, Vidas de los Santos;<br>\n        &#8211; Oraci\u00f3n indulgente, Manual de Indulgencias, Ap\u00e9ndice;<br>\n        &#8211; Texto seg\u00fan: Manual de Indulgencias, Ap\u00e9ndice.<br>\n      <\/em><\/p><\/td>\n  <\/tr>\n <\/tbody>\n<\/table>\n<\/body>\n<p>\n<script>\n            document.addEventListener('DOMContentLoaded', function () {\n                const table = document.getElementById('sortMe');\n                const headers = table.querySelectorAll('th');\n                const tableBody = table.querySelector('tbody');\n                const rows = tableBody.querySelectorAll('tr');\n\n                \/\/ Track sort directions\n                const directions = Array.from(headers).map(function (header) {\n                    return '';\n                });\n\n                \/\/ Transform the content of given cell in given column\n                const transform = function (index, content) {\n                    \/\/ Get the data type of column\n                    const type = headers[index].getAttribute('data-type');\n                    switch (type) {\n                        case 'number':\n                            return parseFloat(content);\n                        case 'string':\n                        default:\n                            return content;\n                    }\n                };\n\n                const sortColumn = function (index) {\n                    \/\/ Get the current direction\n                    const direction = directions[index] || 'asc';\n\n                    \/\/ A factor based on the direction\n                    const multiplier = direction === 'asc' ? 1 : -1;\n\n                    const newRows = Array.from(rows);\n\n                    newRows.sort(function (rowA, rowB) {\n                        const cellA = rowA.querySelectorAll('td')[index].innerHTML;\n                        const cellB = rowB.querySelectorAll('td')[index].innerHTML;\n\n                        const a = transform(index, cellA);\n                        const b = transform(index, cellB);\n\n                        switch (true) {\n                            case a > b:\n                                return 1 * multiplier;\n                            case a < b:\n                                return -1 * multiplier;\n                            case a === b:\n                                return 0;\n                        }\n                    });\n\n                    \/\/ Remove old rows\n                    [].forEach.call(rows, function (row) {\n                        tableBody.removeChild(row);\n                    });\n\n                    \/\/ Reverse the direction\n                    directions[index] = direction === 'asc' ? 'desc' : 'asc';\n\n                    \/\/ Append new row\n                    newRows.forEach(function (newRow) {\n                        tableBody.appendChild(newRow);\n                    });\n                };\n\n                [].forEach.call(headers, function (header, index) {\n                    header.addEventListener('click', function () {\n                        sortColumn(index);\n                    });\n                });\n            });\n        <\/script>\n<\/p>\n","protected":false},"excerpt":{"rendered":"<p>N. Invocationes usu receptae Invocaciones introducidas por la costumbre 01 Adoramus te, Christe, et benedicimus&#8230;<\/p>\n","protected":false},"author":1,"featured_media":0,"parent":0,"menu_order":0,"comment_status":"closed","ping_status":"closed","template":"","meta":{"iawp_total_views":126,"footnotes":""},"class_list":["post-27161","page","type-page","status-publish","hentry"],"_links":{"self":[{"href":"https:\/\/www.donbosco.press\/es\/wp-json\/wp\/v2\/pages\/27161","targetHints":{"allow":["GET"]}}],"collection":[{"href":"https:\/\/www.donbosco.press\/es\/wp-json\/wp\/v2\/pages"}],"about":[{"href":"https:\/\/www.donbosco.press\/es\/wp-json\/wp\/v2\/types\/page"}],"author":[{"embeddable":true,"href":"https:\/\/www.donbosco.press\/es\/wp-json\/wp\/v2\/users\/1"}],"replies":[{"embeddable":true,"href":"https:\/\/www.donbosco.press\/es\/wp-json\/wp\/v2\/comments?post=27161"}],"version-history":[{"count":0,"href":"https:\/\/www.donbosco.press\/es\/wp-json\/wp\/v2\/pages\/27161\/revisions"}],"wp:attachment":[{"href":"https:\/\/www.donbosco.press\/es\/wp-json\/wp\/v2\/media?parent=27161"}],"curies":[{"name":"wp","href":"https:\/\/api.w.org\/{rel}","templated":true}]}}