{"id":11818,"date":"2022-12-29T10:56:37","date_gmt":"2022-12-29T10:56:37","guid":{"rendered":"https:\/\/exciting-knuth.178-32-140-152.plesk.page\/note-sul-calendario\/"},"modified":"2023-01-20T09:33:24","modified_gmt":"2023-01-20T09:33:24","slug":"notas-del-calendario","status":"publish","type":"page","link":"https:\/\/www.donbosco.press\/es\/notas-del-calendario\/","title":{"rendered":"Notas del calendario"},"content":{"rendered":"<p>El calendario presentado en este sitio es el calendario salesiano oficial de la Sociedad Salesiana de San Juan Bosco \u201c<em><i>Parvum calendarium ad usum SDB<\/i><\/em>\u201d e \u201c<em><i>Addenda et varianda in Officio et Missa<\/i><\/em>\u201d, presentado en la versi\u00f3n latina ampliada y con traducci\u00f3n.<\/p>\n<p>Es el calendario general romano de la Iglesia Cat\u00f3lica al que se a\u00f1ade el calendario propio salesiano aprobado por la Santa Sede.<\/p>\n<p>Como de costumbre, para que pueda ser \u00fatil a los interesados, este calendario debe personalizarse con las celebraciones propias de los lugares: continental, nacional, regional, diocesano, inspectorial, que cuenten con la aprobaci\u00f3n de las autoridades locales (Conferencias Episcopales, di\u00f3cesis, etc.).<\/p>\n<p>La versi\u00f3n latina puede consultarse haciendo <em><i>clic<\/i><\/em> en la pesta\u00f1a de t\u00edtulo \u201c<em><i>Parvum calendarium ad usum SDB et addenda et varianda in Officio et Missa<\/i><\/em>\u201d. Como es habitual, tambi\u00e9n se indican aqu\u00ed las variaciones lit\u00fargicas para las celebraciones.<\/p>\n<p>Para saber m\u00e1s sobre lo que se conmemora, se ha a\u00f1adido informaci\u00f3n adicional, incluidos enlaces a varios sitios web externos, que -con todas sus limitaciones y sus particulares \u00e1ngulos de visi\u00f3n &#8211; ofrecen informaci\u00f3n adicional. Haz de tener en cuenta que el contenido de estos sitios web no refleja necesariamente la posici\u00f3n oficial de la Sociedad Salesiana de San Juan Bosco.<\/p>\n<p>Leyenda<\/p>\n<table>\n<tbody>\n<tr>\n<td width=\"255\">Negrita roja en may\u00fasculas:<\/td>\n<td width=\"368\"><span style=\"color: #ff0000;\"><strong><b>SOLEMNIDAD<\/b><\/strong><\/span><\/td>\n<\/tr>\n<tr>\n<td width=\"255\">Negrita roja en may\u00fasculas y la cruz:<\/td>\n<td width=\"368\"><span style=\"color: #ff0000;\"><strong><b>\u2020<\/b><\/strong><strong><b> SOLEMNIDAD de precepto<\/b><\/strong><\/span><\/td>\n<\/tr>\n<tr>\n<td width=\"255\">Negrita color azul:<\/td>\n<td width=\"368\"><span style=\"color: #0000ff;\"><strong><b>Fiesta<\/b><\/strong><\/span><\/td>\n<\/tr>\n<tr>\n<td width=\"255\">Verde cursiva:<\/td>\n<td width=\"368\"><span style=\"color: #339966;\"><em><i>Memoria obligatoria<\/i><\/em><\/span><\/td>\n<\/tr>\n<tr>\n<td width=\"255\">Negrita:<\/td>\n<td width=\"368\">Memorial opcional<\/td>\n<\/tr>\n<tr>\n<td width=\"255\">Entre corchetes [\u2026]:<\/td>\n<td width=\"368\">Celebraciones que pueden variar de un pa\u00eds a otro, en funci\u00f3n de las normas establecidas por las autoridades locales.<\/td>\n<\/tr>\n<\/tbody>\n<\/table>\n","protected":false},"excerpt":{"rendered":"<p>El calendario presentado en este sitio es el calendario salesiano oficial de la Sociedad Salesiana&#8230;<\/p>\n","protected":false},"author":1,"featured_media":0,"parent":0,"menu_order":0,"comment_status":"closed","ping_status":"closed","template":"","meta":{"iawp_total_views":40,"footnotes":""},"class_list":["post-11818","page","type-page","status-publish","hentry"],"_links":{"self":[{"href":"https:\/\/www.donbosco.press\/es\/wp-json\/wp\/v2\/pages\/11818","targetHints":{"allow":["GET"]}}],"collection":[{"href":"https:\/\/www.donbosco.press\/es\/wp-json\/wp\/v2\/pages"}],"about":[{"href":"https:\/\/www.donbosco.press\/es\/wp-json\/wp\/v2\/types\/page"}],"author":[{"embeddable":true,"href":"https:\/\/www.donbosco.press\/es\/wp-json\/wp\/v2\/users\/1"}],"replies":[{"embeddable":true,"href":"https:\/\/www.donbosco.press\/es\/wp-json\/wp\/v2\/comments?post=11818"}],"version-history":[{"count":0,"href":"https:\/\/www.donbosco.press\/es\/wp-json\/wp\/v2\/pages\/11818\/revisions"}],"wp:attachment":[{"href":"https:\/\/www.donbosco.press\/es\/wp-json\/wp\/v2\/media?parent=11818"}],"curies":[{"name":"wp","href":"https:\/\/api.w.org\/{rel}","templated":true}]}}