{"id":10869,"date":"2023-01-11T09:42:12","date_gmt":"2023-01-11T09:42:12","guid":{"rendered":"https:\/\/exciting-knuth.178-32-140-152.plesk.page\/legal-information-2\/"},"modified":"2025-09-29T07:36:32","modified_gmt":"2025-09-29T07:36:32","slug":"legal-information-2","status":"publish","type":"page","link":"https:\/\/www.donbosco.press\/es\/legal-information-2\/","title":{"rendered":"Legal information 2"},"content":{"rendered":"\r\n<p><em>Este aviso legal \/ imprint fue actualizado por \u00faltima vez el 29 de septiembre de 2025.<\/em><em>.<\/em><\/p>\r\n\r\n\r\n\r\n<p>&nbsp;<\/p>\r\n\r\n\r\n\r\n<p><strong>El \u00abBollettino Salesiano OnLine\u00bb (BSOL)<\/strong> es una publicaci\u00f3n peri\u00f3dica telem\u00e1tica de informaci\u00f3n y cultura religiosa, de tipo revista mensual, editada por la Sociedad Salesiana de San Juan Bosco (Salesianos de Don Bosco), inscrita en el Registro de Prensa del Tribunal de Tur\u00edn, n. 20\/21.09.2023.<br \/>Director Responsable: Andrei MUNTEANU<\/p>\r\n\r\n\r\n\r\n<p>&nbsp;<\/p>\r\n\r\n\r\n\r\n<p><strong>El propietario de esta publicaci\u00f3n web es:<\/strong><br \/>Oratorio Salesiano San Francesco di Sales<br \/>Organismo eclesi\u00e1stico reconocido civilmente<br \/>Via Maria Ausiliatrice 32, 10152 Tur\u00edn, Italia<br \/>CF: 00514170018<br \/>Correo electr\u00f3nico: bsol@sdb.org<br \/>Tel\u00e9fono: +39 378 084 1797<br \/>El representante legal del Oratorio Salesiano San Francesco di Sales: Luca BARONE.<\/p>\r\n\r\n\r\n\r\n<p>&nbsp;<\/p>\r\n\r\n\r\n\r\n<p><strong>El alojamiento de este sitio es proporcionado por:<\/strong><br \/>Colegio San Luigi<br \/>Via Maria Ausiliatrice, 32<br \/>10152 Tur\u00edn (TO), Italia<br \/>N.\u00ba IVA: IT 02310450032<br \/>N.\u00ba fiscal: 00429180037<br \/>Tel.: 011 5224434<br \/>https:\/\/valdocco.it<br \/>assistenza@formatnet.it<\/p>\r\n<p>&nbsp;<\/p>\r\n\r\n\r\n\r\n<p>1. General<br \/>No estamos dispuestos ni obligados a participar en procedimientos de resoluci\u00f3n de conflictos ante una junta de arbitraje de consumo.<\/p>\r\n","protected":false},"excerpt":{"rendered":"<p>Este aviso legal \/ imprint fue actualizado por \u00faltima vez el 29 de septiembre de&#8230;<\/p>\n","protected":false},"author":1,"featured_media":0,"parent":0,"menu_order":0,"comment_status":"closed","ping_status":"closed","template":"","meta":{"iawp_total_views":9,"footnotes":""},"class_list":["post-10869","page","type-page","status-publish","hentry"],"_links":{"self":[{"href":"https:\/\/www.donbosco.press\/es\/wp-json\/wp\/v2\/pages\/10869","targetHints":{"allow":["GET"]}}],"collection":[{"href":"https:\/\/www.donbosco.press\/es\/wp-json\/wp\/v2\/pages"}],"about":[{"href":"https:\/\/www.donbosco.press\/es\/wp-json\/wp\/v2\/types\/page"}],"author":[{"embeddable":true,"href":"https:\/\/www.donbosco.press\/es\/wp-json\/wp\/v2\/users\/1"}],"replies":[{"embeddable":true,"href":"https:\/\/www.donbosco.press\/es\/wp-json\/wp\/v2\/comments?post=10869"}],"version-history":[{"count":1,"href":"https:\/\/www.donbosco.press\/es\/wp-json\/wp\/v2\/pages\/10869\/revisions"}],"predecessor-version":[{"id":45579,"href":"https:\/\/www.donbosco.press\/es\/wp-json\/wp\/v2\/pages\/10869\/revisions\/45579"}],"wp:attachment":[{"href":"https:\/\/www.donbosco.press\/es\/wp-json\/wp\/v2\/media?parent=10869"}],"curies":[{"name":"wp","href":"https:\/\/api.w.org\/{rel}","templated":true}]}}