{"id":9424,"date":"2022-10-10T19:23:11","date_gmt":"2022-10-10T19:23:11","guid":{"rendered":"https:\/\/exciting-knuth.178-32-140-152.plesk.page\/collabora\/"},"modified":"2026-03-26T08:31:28","modified_gmt":"2026-03-26T08:31:28","slug":"unterstutzen-sie-uns","status":"publish","type":"page","link":"https:\/\/www.donbosco.press\/de\/unterstutzen-sie-uns\/","title":{"rendered":"Unterst\u00fctzen Sie uns"},"content":{"rendered":"\r\n<p><strong>Helfen Sie uns, das von Don Bosco begonnene Werk fortzusetzen.<\/strong><\/p>\r\n\r\n\r\n\r\n<div class=\"wp-block-media-text is-stacked-on-mobile is-vertically-aligned-center has-background\" style=\"background-color: #fbfbfb; grid-template-columns: 15% auto;\">\r\n<figure class=\"wp-block-media-text__media\"><img loading=\"lazy\" decoding=\"async\" width=\"256\" height=\"256\" class=\"wp-image-2608 size-full\" src=\"https:\/\/www.donbosco.press\/wp-content\/uploads\/2022\/10\/collabora_01-prega-g.png\" alt=\"\" srcset=\"https:\/\/www.donbosco.press\/wp-content\/uploads\/2022\/10\/collabora_01-prega-g.png 256w, https:\/\/www.donbosco.press\/wp-content\/uploads\/2022\/10\/collabora_01-prega-g-150x150.png 150w\" sizes=\"auto, (max-width: 256px) 100vw, 256px\" \/><\/figure>\r\n<div class=\"wp-block-media-text__content\">\r\n<div class=\"wp-block-group\" style=\"padding: 2em;\"><div class=\"wp-block-group__inner-container is-layout-flow wp-block-group-is-layout-flow\">\r\n<p style=\"font-size: 26px; line-height: 1.2;\"><strong><em>Beten Sie<\/em><\/strong><\/p>\r\n\r\n\r\n\r\n<p>Sie k\u00f6nnen vor allem mit dem Gebet mitwirken.<br \/>Ja, mit dem Gebet. Beten Sie, dass der Herr die Herzen f\u00fcr eine gute Erziehung von Kindern und Jugendlichen sensibilisiert und empf\u00e4nglich macht. Sie sind die Zukunft der Menschheit.<\/p>\r\n<\/div><\/div>\r\n<\/div>\r\n<\/div>\r\n\r\n\r\n\r\n<div class=\"wp-block-media-text has-media-on-the-right is-stacked-on-mobile is-vertically-aligned-center has-background\" style=\"background-color: #f5f5f5; grid-template-columns: auto 15%;\">\r\n<div class=\"wp-block-media-text__content\">\r\n<div class=\"wp-block-group\" style=\"padding: 2em;\"><div class=\"wp-block-group__inner-container is-layout-flow wp-block-group-is-layout-flow\">\r\n<p style=\"font-size: 26px; line-height: 1.2;\"><strong><strong><em>Senden Sie uns Material zu<\/em><\/strong><\/strong><\/p>\r\n\r\n\r\n\r\n<p style=\"font-size: 16px;\">Senden Sie uns f\u00fcr unsere Zwecke geeignetes Material (Texte, Bilder, Fotos, Audio, Video) ohne Copyright oder mit ausdr\u00fccklicher, schriftlicher Genehmigung.<\/p>\r\n<\/div><\/div>\r\n\r\n\r\n\r\n<div class=\"wp-block-buttons is-layout-flex wp-block-buttons-is-layout-flex\">\r\n<div class=\"wp-block-button is-style-shadow\"><a class=\"wp-block-button__link wp-element-button\" href=\"mailto:bsol@sdb.org\">Senden Sie eine E-Mail:<\/a><\/div>\r\n<\/div>\r\n\r\n\r\n\r\n<p>&nbsp;<\/p>\r\n<\/div>\r\n<figure class=\"wp-block-media-text__media\"><img loading=\"lazy\" decoding=\"async\" width=\"256\" height=\"256\" class=\"wp-image-2652 size-full\" src=\"https:\/\/www.donbosco.press\/wp-content\/uploads\/2022\/10\/collabora_03-inviaci_del_materiale-g.png\" alt=\"\" srcset=\"https:\/\/www.donbosco.press\/wp-content\/uploads\/2022\/10\/collabora_03-inviaci_del_materiale-g.png 256w, https:\/\/www.donbosco.press\/wp-content\/uploads\/2022\/10\/collabora_03-inviaci_del_materiale-g-150x150.png 150w\" sizes=\"auto, (max-width: 256px) 100vw, 256px\" \/><\/figure>\r\n<\/div>\r\n\r\n\r\n\r\n<div class=\"wp-block-media-text is-stacked-on-mobile is-vertically-aligned-center has-background\" style=\"background-color: #fbfbfb; grid-template-columns: 15% auto;\">\r\n<figure class=\"wp-block-media-text__media\"><img loading=\"lazy\" decoding=\"async\" width=\"256\" height=\"256\" class=\"wp-image-2645 size-full\" src=\"https:\/\/www.donbosco.press\/wp-content\/uploads\/2022\/10\/collabora_02-facci_conoscere-g.png\" alt=\"\" srcset=\"https:\/\/www.donbosco.press\/wp-content\/uploads\/2022\/10\/collabora_02-facci_conoscere-g.png 256w, https:\/\/www.donbosco.press\/wp-content\/uploads\/2022\/10\/collabora_02-facci_conoscere-g-150x150.png 150w\" sizes=\"auto, (max-width: 256px) 100vw, 256px\" \/><\/figure>\r\n<div class=\"wp-block-media-text__content\">\r\n<div class=\"wp-block-group is-vertical is-layout-flex wp-container-core-group-is-layout-f60545a1 wp-block-group-is-layout-flex\" style=\"padding: 2em;\">\r\n<p style=\"font-size: 26px; line-height: 1.2;\"><strong><strong><em>Machen Sie uns bekannt<\/em><\/strong><\/strong><\/p>\r\n\r\n\r\n\r\n<p><br \/>Schicken Sie einem Freund den Link zu unserem Online Bulletin: <a class=\"ek-link\" href=\"https:\/\/www.donbosco.press\/de\/\">https:\/\/www.donbosco.press\/de\/<\/a><\/p>\r\n\r\n\r\n\r\n<div class=\"wp-block-group\"><div class=\"wp-block-group__inner-container is-layout-flow wp-block-group-is-layout-flow\">\r\n<div class=\"wp-block-buttons is-vertical is-content-justification-space-between is-layout-flex wp-container-core-buttons-is-layout-2f00920f wp-block-buttons-is-layout-flex\">\u00a0<\/div>\r\n<\/div><\/div>\r\n<\/div>\r\n<\/div>\r\n<\/div>\r\n\r\n\r\n\r\n<div class=\"wp-block-media-text has-media-on-the-right is-stacked-on-mobile is-vertically-aligned-center has-background\" style=\"background-color: #f5f5f5; grid-template-columns: auto 15%;\">\r\n<div class=\"wp-block-media-text__content\">\r\n<div class=\"wp-block-group is-vertical is-layout-flex wp-container-core-group-is-layout-f60545a1 wp-block-group-is-layout-flex\" style=\"padding: 2em;\">\r\n<p style=\"font-size: 26px; line-height: 1.2;\"><strong><strong><strong>Unterst\u00fctzen Sie uns mit einer Spende<\/strong><\/strong><\/strong><\/p>\r\n\r\n\r\n\r\n<p>Unterst\u00fctzen Sie die Bed\u00fcrfnisse der salesianischen Missionen, die vom Generaloberen gef\u00f6rdert werden, oder die Bed\u00fcrfnisse des Salesianischen OnLine-Bulletins, indem Sie Folgendes im Zahlungszweck angeben: \u201ef\u00fcr die vom Generaloberen gef\u00f6rderten salesianischen Missionen\u201c oder \u201ef\u00fcr das Salesianische OnLine-Bulletin\u201c. Wenn Sie keine Quittung f\u00fcr Steuerabz\u00fcge oder -erm\u00e4\u00dfigungen ben\u00f6tigen, dann gehen Sie bitte zum ersten Punkt, ansonsten zum zweiten.<\/p>\r\n\r\n\r\n\r\n<p><strong>1. Freie Spenden:<\/strong><br \/><strong><em>Direzione Generale Opere Don Bosco<\/em><\/strong><br \/>Steuernummer: 80017750581<br \/>Adresse: via Marsala 42, 00185 Rom, Italien<br \/>Zertifizierte E-Mail-Adresse: ammdgdonbosco @ pec.it<br \/>Banca Popolare di Sondrio (Volksbank Sondrio)<br \/>IBAN: IT54O0569603202000004655X77<br \/>SWIFT \/ BIC: POSOIT22<\/p>\r\n\r\n\r\n\r\n<p><strong>2. Quittungen f\u00fcr Steuerverg\u00fcnstigungen (Abz\u00fcge\/Erm\u00e4\u00dfigungen) bei Spenden:<\/strong><br \/><strong><em>Fondazione Don Bosco nel Mondo<\/em><\/strong><br \/>Steuernummer: 97210180580<br \/>Adresse: via Marsala 42, 00185 Rom, Italien<br \/>Zertifizierte E-Mail-Adresse: ammfdbnm @ pec.it Auf dem Weg, den Sie bevorzugen:<\/p>\r\n\r\n\r\n\r\n<div class=\"wp-block-group\"><div class=\"wp-block-group__inner-container is-layout-flow wp-block-group-is-layout-flow\">\r\n<div class=\"wp-block-buttons is-layout-flex wp-block-buttons-is-layout-flex\">\r\n<div class=\"wp-block-button is-style-shadow\"><a class=\"wp-block-button__link wp-element-button\" href=\"https:\/\/www.donbosconelmondo.org\/support-us-en\/\" target=\"_blank\" rel=\"noreferrer noopener\"><em>Jetzt spenden<\/em>&#8230;<\/a><\/div>\r\n<\/div>\r\n<\/div><\/div>\r\n<\/div>\r\n<\/div>\r\n<figure class=\"wp-block-media-text__media\"><img loading=\"lazy\" decoding=\"async\" width=\"256\" height=\"256\" class=\"wp-image-2617 size-full\" src=\"https:\/\/www.donbosco.press\/wp-content\/uploads\/2022\/10\/collabora_04-dona-g.png\" alt=\"\" srcset=\"https:\/\/www.donbosco.press\/wp-content\/uploads\/2022\/10\/collabora_04-dona-g.png 256w, https:\/\/www.donbosco.press\/wp-content\/uploads\/2022\/10\/collabora_04-dona-g-150x150.png 150w\" sizes=\"auto, (max-width: 256px) 100vw, 256px\" \/><\/figure>\r\n<\/div>\r\n\r\n\r\n\r\n<div class=\"wp-block-media-text is-stacked-on-mobile is-vertically-aligned-center has-background\" style=\"background-color: #fbfbfb; grid-template-columns: 15% auto;\">\r\n<figure class=\"wp-block-media-text__media\"><img loading=\"lazy\" decoding=\"async\" width=\"256\" height=\"256\" class=\"wp-image-2638 size-full\" src=\"https:\/\/www.donbosco.press\/wp-content\/uploads\/2022\/10\/collabora_06-lascia_una_eredita-v.png\" alt=\"\" srcset=\"https:\/\/www.donbosco.press\/wp-content\/uploads\/2022\/10\/collabora_06-lascia_una_eredita-v.png 256w, https:\/\/www.donbosco.press\/wp-content\/uploads\/2022\/10\/collabora_06-lascia_una_eredita-v-150x150.png 150w\" sizes=\"auto, (max-width: 256px) 100vw, 256px\" \/><\/figure>\r\n<div class=\"wp-block-media-text__content\">\r\n<div class=\"wp-block-group is-vertical is-layout-flex wp-container-core-group-is-layout-f60545a1 wp-block-group-is-layout-flex\" style=\"padding: 2em;\">\r\n<p style=\"font-size: 26px; line-height: 1.2;\"><strong><strong><strong><strong>Hinterlassen Sie ein Erbe<\/strong><\/strong><\/strong><\/strong><\/p>\r\n\r\n\r\n\r\n<p>M\u00f6chten Sie ein bleibendes Zeichen Ihrer Gro\u00dfz\u00fcgigkeit hinterlassen? Hinterlassen Sie ein Verm\u00e4chtnis zu Gunsten des Salesianischen Instituts oder benennen Sie das Institut als Ihren Erben.<\/p>\r\n\r\n\r\n\r\n<p>Nachstehend finden Sie einige Formulierungen.<\/p>\r\n\r\n\r\n\r\n<p><em>Bei einem Verm\u00e4chtnis:<\/em><br \/>\u201eIch \u00fcberlasse dem Salesianischen Institut f\u00fcr die Missionen mit Sitz in Turin, Via Maria Ausiliatrice 32, Steuernummer 00155220494, als Verm\u00e4chtnis die Summe von Euro&#8230; oder Wertpapiere&#8230; oder das Geb\u00e4ude in &#8230; f\u00fcr die institutionellen Zwecke der Einrichtung\u201c.<\/p>\r\n\r\n\r\n\r\n<p><em>Bei einem Erbe:<\/em><br \/>\u201eIch widerrufe alle meine vorgehenden letztwilligen Verf\u00fcgungen. Ich ernenne das Salesianische Institut f\u00fcr die Missionen mit Sitz in Turin, Via Maria Ausiliatrice 32, Steuernummer 00155220494, zu meinem Universalerben und \u00fcberlasse ihm alles, was mir in irgendeiner Form geh\u00f6rt, f\u00fcr die institutionellen Zwecke der Einrichtung\u201c.<\/p>\r\n\r\n\r\n\r\n<p>(Ort und Datum) (Unterschrift vollst\u00e4ndig und leserlich)<\/p>\r\n\r\n\r\n\r\n<p>HINWEIS: Das Testament muss vollumf\u00e4nglich und handschriftlich vom Erblasser verfasst sein.<br \/><br \/><strong><em>Istituto Salesiano per le Missioni (Salesianisches Institut f\u00fcr die Missionen)<\/em><\/strong><br \/>Via Maria Ausiliatrice 32, 10152 Turin, Italien<br \/>Steuernummer: 00155220494<br \/>Tel. <a href=\"tel:390115224248\">+39 011 5224248<\/a><br \/>E-Mail: <a href=\"mailto:istitutomissioni@sdb.org\">istitutomissioni@sdb.org<\/a><\/p>\r\n\r\n\r\n\r\n<div class=\"wp-block-group\"><div class=\"wp-block-group__inner-container is-layout-flow wp-block-group-is-layout-flow\">\r\n<div class=\"wp-block-buttons is-layout-flex wp-block-buttons-is-layout-flex\">\u00a0<\/div>\r\n<\/div><\/div>\r\n<\/div>\r\n<\/div>\r\n<\/div>\r\n","protected":false},"excerpt":{"rendered":"<p>Helfen Sie uns, das von Don Bosco begonnene Werk fortzusetzen.<\/p>\n","protected":false},"author":1,"featured_media":0,"parent":0,"menu_order":0,"comment_status":"closed","ping_status":"closed","template":"","meta":{"iawp_total_views":27,"footnotes":""},"class_list":["post-9424","page","type-page","status-publish","hentry"],"_links":{"self":[{"href":"https:\/\/www.donbosco.press\/de\/wp-json\/wp\/v2\/pages\/9424","targetHints":{"allow":["GET"]}}],"collection":[{"href":"https:\/\/www.donbosco.press\/de\/wp-json\/wp\/v2\/pages"}],"about":[{"href":"https:\/\/www.donbosco.press\/de\/wp-json\/wp\/v2\/types\/page"}],"author":[{"embeddable":true,"href":"https:\/\/www.donbosco.press\/de\/wp-json\/wp\/v2\/users\/1"}],"replies":[{"embeddable":true,"href":"https:\/\/www.donbosco.press\/de\/wp-json\/wp\/v2\/comments?post=9424"}],"version-history":[{"count":3,"href":"https:\/\/www.donbosco.press\/de\/wp-json\/wp\/v2\/pages\/9424\/revisions"}],"predecessor-version":[{"id":51975,"href":"https:\/\/www.donbosco.press\/de\/wp-json\/wp\/v2\/pages\/9424\/revisions\/51975"}],"wp:attachment":[{"href":"https:\/\/www.donbosco.press\/de\/wp-json\/wp\/v2\/media?parent=9424"}],"curies":[{"name":"wp","href":"https:\/\/api.w.org\/{rel}","templated":true}]}}