{"id":9415,"date":"2022-10-10T14:40:28","date_gmt":"2022-10-10T14:40:28","guid":{"rendered":"https:\/\/exciting-knuth.178-32-140-152.plesk.page\/chi-siamo\/"},"modified":"2026-03-26T08:25:08","modified_gmt":"2026-03-26T08:25:08","slug":"uber-uns","status":"publish","type":"page","link":"https:\/\/www.donbosco.press\/de\/uber-uns\/","title":{"rendered":"\u00dcber uns"},"content":{"rendered":"\r\n<div class=\"wp-block-media-text has-media-on-the-right is-stacked-on-mobile\" style=\"grid-template-columns: auto 54%; margin-top: 0px;\">\r\n<div class=\"wp-block-media-text__content\">\r\n<p>Das \u201eSalesianische Bulletin\u201c ist eine vom heiligen Johannes Bosco konzipierte, regelm\u00e4\u00dfig erscheinende Zeitschrift. Da sich seine Arbeit zugunsten armer und verlassener Jugendlicher schnell ausweitete und er seine Mitarbeiter nicht mehr pers\u00f6nlich \u00fcber den Fortgang der Aktivit\u00e4ten und die k\u00fcnftigen Arbeiten informieren konnte, beschloss er 1877, eines der Mittel seiner Zeit zu nutzen: die monatlichen Bulletins. Auf diese Weise verf\u00fcgte Don Bosco \u00fcber ein wirksames Kommunikationsmittel, mit dem er auch diejenigen, die noch nie von ihm geh\u00f6rt hatten, auf sein innovatives Werk aufmerksam machen und jene \u00fcberzeugen konnte, die ihm schlechte Absichten unterstellten. Seine Werke der N\u00e4chstenliebe zugunsten der am meisten benachteiligten Jugendlichen und seine pr\u00e4ventive Erziehungsmethode inspirierten und belebten so das apostolische Engagement vieler anderer.<\/p>\r\n<\/div>\r\n<figure class=\"wp-block-media-text__media\"><img loading=\"lazy\" decoding=\"async\" width=\"998\" height=\"437\" class=\"wp-image-2542 size-full\" src=\"https:\/\/www.donbosco.press\/wp-content\/uploads\/2022\/10\/chi-siamo.png\" alt=\"\" srcset=\"https:\/\/www.donbosco.press\/wp-content\/uploads\/2022\/10\/chi-siamo.png 998w, https:\/\/www.donbosco.press\/wp-content\/uploads\/2022\/10\/chi-siamo-300x131.png 300w, https:\/\/www.donbosco.press\/wp-content\/uploads\/2022\/10\/chi-siamo-768x336.png 768w, https:\/\/www.donbosco.press\/wp-content\/uploads\/2022\/10\/chi-siamo-150x66.png 150w, https:\/\/www.donbosco.press\/wp-content\/uploads\/2022\/10\/chi-siamo-696x305.png 696w, https:\/\/www.donbosco.press\/wp-content\/uploads\/2022\/10\/chi-siamo-959x420.png 959w\" sizes=\"auto, (max-width: 998px) 100vw, 998px\" \/><\/figure>\r\n<\/div>\r\n\r\n\r\n\r\n<div class=\"wp-block-spacer\" style=\"height: 30px;\" aria-hidden=\"true\">\u00a0<\/div>\r\n\r\n\r\n\r\n<div class=\"wp-block-media-text is-stacked-on-mobile\">\r\n<figure class=\"wp-block-media-text__media\"><img loading=\"lazy\" decoding=\"async\" width=\"800\" height=\"408\" class=\"wp-image-2283 size-full\" src=\"https:\/\/www.donbosco.press\/wp-content\/uploads\/2022\/10\/chi_siamo_3.2-2.png\" alt=\"\" srcset=\"https:\/\/www.donbosco.press\/wp-content\/uploads\/2022\/10\/chi_siamo_3.2-2.png 800w, https:\/\/www.donbosco.press\/wp-content\/uploads\/2022\/10\/chi_siamo_3.2-2-300x153.png 300w, https:\/\/www.donbosco.press\/wp-content\/uploads\/2022\/10\/chi_siamo_3.2-2-768x392.png 768w, https:\/\/www.donbosco.press\/wp-content\/uploads\/2022\/10\/chi_siamo_3.2-2-150x77.png 150w, https:\/\/www.donbosco.press\/wp-content\/uploads\/2022\/10\/chi_siamo_3.2-2-696x355.png 696w\" sizes=\"auto, (max-width: 800px) 100vw, 800px\" \/><\/figure>\r\n<div class=\"wp-block-media-text__content\">\r\n<p class=\"has-text-align-justify\">Heute, Jahre sp\u00e4ter, erleben wir eine \u00e4hnliche Situation: Die Ausbreitung des von dem Heiligen gegr\u00fcndeten salesianischen Werks in 134 L\u00e4ndern auf f\u00fcnf Kontinenten und die damit einhergehende Zunahme der gesprochenen Sprachen f\u00f6rdern nicht unbedingt die Kenntnis so vieler Werke zugunsten der Jugend in ihrer Erscheinungsvielfalt. Und wie damals, so wird auch heute beschlossen, die Mittel der heutigen Zeit zu nutzen, insbesondere das Internet.<br \/>Die Notwendigkeit eines Kommunikationsmittels, das mit einer Stimme, aber in vielen Sprachen spricht, hatte bereits Don Bosco selbst erkannt. Heute, mit der aktuellen Verbreitung des salesianischen Charismas, ist sie noch deutlicher sp\u00fcrbar. Weltweit gibt es unz\u00e4hlige kreative Initiativen der Salesianer, die nur lokal bekannt sind.<\/p>\r\n<\/div>\r\n<\/div>\r\n\r\n\r\n\r\n<div class=\"wp-block-spacer\" style=\"height: 30px;\" aria-hidden=\"true\">\u00a0<\/div>\r\n\r\n\r\n\r\n<div class=\"wp-block-media-text has-media-on-the-right is-stacked-on-mobile\">\r\n<div class=\"wp-block-media-text__content\">\r\n<p class=\"has-text-align-justify\">\u00a0\u00a0\u00a0\u00a0\u00a0\u00a0<\/p>\r\n\r\n\r\n\r\n<p>Das <strong>Salesianische OnLine Bulletin<\/strong> (BSOL) ist somit eine Fortsetzung der Initiative Don Boscos, die auf seine urspr\u00fcngliche Idee aus dem Jahr 1885 zur\u00fcckgeht, mit einer einzigen Stimme in verschiedenen Sprachen vertreten zu sein. Das neue Medium ist eine offizielle Publikation der Kongregation der Salesianer Don Boscos (SDB) in sieben Sprachen: Italienisch, Englisch, Franz\u00f6sisch, Spanisch, Portugiesisch, Deutsch und Polnisch und soll das salesianische Charisma in seinen vielf\u00e4ltigen Ausdrucksformen in zahlreichen Teilen der Welt bekannt machen.<\/p>\r\n<\/div>\r\n<figure class=\"wp-block-media-text__media\"><img loading=\"lazy\" decoding=\"async\" width=\"600\" height=\"463\" class=\"wp-image-2205 size-full\" src=\"https:\/\/www.donbosco.press\/wp-content\/uploads\/2022\/09\/chi_siamo_4.jpg\" alt=\"\" srcset=\"https:\/\/www.donbosco.press\/wp-content\/uploads\/2022\/09\/chi_siamo_4.jpg 600w, https:\/\/www.donbosco.press\/wp-content\/uploads\/2022\/09\/chi_siamo_4-300x232.jpg 300w, https:\/\/www.donbosco.press\/wp-content\/uploads\/2022\/09\/chi_siamo_4-150x116.jpg 150w, https:\/\/www.donbosco.press\/wp-content\/uploads\/2022\/09\/chi_siamo_4-544x420.jpg 544w\" sizes=\"auto, (max-width: 600px) 100vw, 600px\" \/><\/figure>\r\n<\/div>\r\n","protected":false},"excerpt":{"rendered":"<p>Das \u201eSalesianische Bulletin\u201c ist eine vom heiligen Johannes Bosco konzipierte, regelm\u00e4\u00dfig erscheinende Zeitschrift. Da sich&#8230;<\/p>\n","protected":false},"author":1,"featured_media":0,"parent":0,"menu_order":0,"comment_status":"closed","ping_status":"closed","template":"","meta":{"iawp_total_views":94,"footnotes":""},"class_list":["post-9415","page","type-page","status-publish","hentry"],"_links":{"self":[{"href":"https:\/\/www.donbosco.press\/de\/wp-json\/wp\/v2\/pages\/9415","targetHints":{"allow":["GET"]}}],"collection":[{"href":"https:\/\/www.donbosco.press\/de\/wp-json\/wp\/v2\/pages"}],"about":[{"href":"https:\/\/www.donbosco.press\/de\/wp-json\/wp\/v2\/types\/page"}],"author":[{"embeddable":true,"href":"https:\/\/www.donbosco.press\/de\/wp-json\/wp\/v2\/users\/1"}],"replies":[{"embeddable":true,"href":"https:\/\/www.donbosco.press\/de\/wp-json\/wp\/v2\/comments?post=9415"}],"version-history":[{"count":2,"href":"https:\/\/www.donbosco.press\/de\/wp-json\/wp\/v2\/pages\/9415\/revisions"}],"predecessor-version":[{"id":51957,"href":"https:\/\/www.donbosco.press\/de\/wp-json\/wp\/v2\/pages\/9415\/revisions\/51957"}],"wp:attachment":[{"href":"https:\/\/www.donbosco.press\/de\/wp-json\/wp\/v2\/media?parent=9415"}],"curies":[{"name":"wp","href":"https:\/\/api.w.org\/{rel}","templated":true}]}}