{"id":6505,"date":"2022-09-30T13:34:57","date_gmt":"2022-09-30T13:34:57","guid":{"rendered":"https:\/\/exciting-knuth.178-32-140-152.plesk.page\/newsletter\/"},"modified":"2022-12-02T09:07:46","modified_gmt":"2022-12-02T09:07:46","slug":"newsletter","status":"publish","type":"page","link":"https:\/\/www.donbosco.press\/de\/newsletter\/","title":{"rendered":"Newsletter"},"content":{"rendered":"<div class=\"tnp tnp-subscription \">\n<form method=\"post\" action=\"https:\/\/www.donbosco.press\/wp-admin\/admin-ajax.php?action=tnp&amp;na=s\">\n<input type=\"hidden\" name=\"nlang\" value=\"de\">\n<div class=\"tnp-field tnp-field-firstname\"><label for=\"tnp-1\">Name<\/label>\n<input class=\"tnp-name\" type=\"text\" name=\"nn\" id=\"tnp-1\" value=\"\" placeholder=\"\" required><\/div>\n<div class=\"tnp-field tnp-field-email\"><label for=\"tnp-2\">E-Mail-Adresse<\/label>\n<input class=\"tnp-email\" type=\"email\" name=\"ne\" id=\"tnp-2\" value=\"\" placeholder=\"\" required><\/div>\n<div class=\"tnp-field tnp-field-profile\"><label for=\"tnp-3\">Sprache<\/label>\n<select class=\"tnp-profile tnp-profile-1\" id=\"tnp-profile_1\" name=\"np1\"><option>deutsche<\/option><option>english<\/option><option>espa\u00f1ol<\/option><option>fran\u00e7ais<\/option><option>italiano<\/option><option>polski<\/option><option>portugu\u00eas<\/option><\/select>\n<\/div>\n<div class=\"tnp-field tnp-field-profile\"><label for=\"tnp-4\">Land<\/label>\n<select class=\"tnp-profile tnp-profile-2\" id=\"tnp-profile_2\" name=\"np2\" required><option>Afghanistan<\/option><option>\u00c4gypten<\/option><option>\u00c5land<\/option><option>Albanien<\/option><option>Algerien<\/option><option>Amerikanische Jungferninseln<\/option><option>Amerikanisch-Samoa<\/option><option>Andorra<\/option><option>Angola<\/option><option>Anguilla<\/option><option>Antarktika<\/option><option>Antigua und Barbuda<\/option><option>\u00c4quatorialguinea<\/option><option>Argentinien<\/option><option>Armenien<\/option><option>Aruba<\/option><option>Aserbaidschan<\/option><option>\u00c4thiopien<\/option><option>Australien<\/option><option>Bahamas<\/option><option>Bahrain<\/option><option>Bangladesch<\/option><option>Barbados<\/option><option>Belarus<\/option><option>Belgien<\/option><option>Belize<\/option><option>Benin<\/option><option>Bermuda<\/option><option>Bhutan<\/option><option>Bolivien<\/option><option>Bonaire<\/option><option>Sint Eustatius und Sint Eustatius<\/option><option>Bosnien und Herzegowina<\/option><option>Botswana<\/option><option>Bouvetinsel<\/option><option>Brasilien<\/option><option>Britische Jungferninseln<\/option><option>Britisches Territorium im Indischen Ozean<\/option><option>Brunei<\/option><option>Bulgarien<\/option><option>Burkina Faso<\/option><option>Burundi<\/option><option>Cayman Islands<\/option><option>Chile<\/option><option>Costa Rica<\/option><option>Cura\u00e7ao<\/option><option>D\u00e4nemark<\/option><option>Demokratische Republik Kongo<\/option><option>Deutschland<\/option><option>Dominica<\/option><option>Dominikanische Republik<\/option><option>Dschibuti<\/option><option>Ecuador<\/option><option>El Salvador<\/option><option>Elfenbeink\u00fcste<\/option><option>Eritrea<\/option><option>Estland<\/option><option>Eswatini<\/option><option>Falklandinseln<\/option><option>F\u00e4r\u00f6er<\/option><option>Fidschi<\/option><option>Finnland<\/option><option>Frankreich<\/option><option>Franz\u00f6sische S\u00fcd- und Antarktisgebiete<\/option><option>Franz\u00f6sisch-Guayana<\/option><option>Franz\u00f6sisch-Polynesien<\/option><option>Gabun<\/option><option>Gambia<\/option><option>Georgien<\/option><option>Ghana<\/option><option>Gibraltar<\/option><option>Grenada<\/option><option>Griechenland<\/option><option>Gr\u00f6nland<\/option><option>Guadeloupe<\/option><option>Guam<\/option><option>Guatemala<\/option><option>Guernsey<\/option><option>Guinea<\/option><option>Guinea-Bissau<\/option><option>Guyana<\/option><option>Haiti<\/option><option>Heard und McDonaldinseln<\/option><option>Honduras<\/option><option>Hongkong<\/option><option>Indien<\/option><option>Indonesien<\/option><option>Irak<\/option><option>Iran<\/option><option>Irland<\/option><option>Island<\/option><option>Isle of Man<\/option><option>Israel<\/option><option>Italien<\/option><option>Jamaika<\/option><option>Japan<\/option><option>Jemen<\/option><option>Jersey<\/option><option>Jordanien<\/option><option>Kambodscha<\/option><option>Kamerun<\/option><option>Kanada<\/option><option>Kap Verde<\/option><option>Kasachstan<\/option><option>Katar<\/option><option>Kenia<\/option><option>Kirgisistan<\/option><option>Kiribati<\/option><option>Kokosinseln<\/option><option>Kolumbien<\/option><option>Komoren<\/option><option>Kroatien<\/option><option>Kuba<\/option><option>Kuwait<\/option><option>Laos<\/option><option>Lesotho<\/option><option>Lettland<\/option><option>Libanon<\/option><option>Liberia<\/option><option>Libyen<\/option><option>Liechtenstein<\/option><option>Litauen<\/option><option>Luxemburg<\/option><option>Macau<\/option><option>Madagaskar<\/option><option>Malawi<\/option><option>Malaysia<\/option><option>Malediven<\/option><option>Mali<\/option><option>Malta<\/option><option>Marokko<\/option><option>Marshallinseln<\/option><option>Martinique<\/option><option>Mauretanien<\/option><option>Mauritius<\/option><option>Mayotte<\/option><option>Mexiko<\/option><option>Mikronesien<\/option><option>Mongolei<\/option><option>Montenegro<\/option><option>Montserrat<\/option><option>Mosambik<\/option><option>Myanmar<\/option><option>Namibia<\/option><option>Nauru<\/option><option>Nepal<\/option><option>Neukaledonien<\/option><option>Neuseeland<\/option><option>Nicaragua<\/option><option>Niederlande<\/option><option>Niger<\/option><option>Nigeria<\/option><option>Niue<\/option><option>Nordkorea<\/option><option>N\u00f6rdliche Marianen<\/option><option>Nordmazedonien<\/option><option>Norfolkinsel<\/option><option>Norwegen<\/option><option>Oman<\/option><option>\u00d6sterreich<\/option><option>Osttimor<\/option><option>Pakistan<\/option><option>Pal\u00e4stina<\/option><option>Palau<\/option><option>Panama<\/option><option>Papua-Neuguinea<\/option><option>Paraguay<\/option><option>Peru<\/option><option>Philippinen<\/option><option>Pitcairninseln<\/option><option>Polen<\/option><option>Portugal<\/option><option>Puerto Rico<\/option><option>Republik China (Taiwan)<\/option><option>Republik Kongo<\/option><option>Republik Moldau<\/option><option>Republik Zypern<\/option><option>R\u00e9union<\/option><option>Ruanda<\/option><option>Rum\u00e4nien<\/option><option>Russland<\/option><option>Saint-Barth\u00e9lemy<\/option><option>Saint-Pierre und Miquelon<\/option><option>Salomonen<\/option><option>Sambia<\/option><option>Samoa<\/option><option>San Marino<\/option><option>S\u00e3o Tom\u00e9 und Pr\u00edncipe<\/option><option>Saudi-Arabien<\/option><option>Schweden<\/option><option>Schweiz<\/option><option>Senegal<\/option><option>Serbien<\/option><option>Seychellen<\/option><option>Sierra Leone<\/option><option>Simbabwe<\/option><option>Singapur<\/option><option>Sint Maarten<\/option><option>Slowakei<\/option><option>Slowenien<\/option><option>Somalia<\/option><option>Spanien<\/option><option>Sri Lanka<\/option><option>St. Helena<\/option><option>Ascension und Tristan da Cunha<\/option><option>St. Kitts und Nevis<\/option><option>St. Lucia<\/option><option>St. Martin<\/option><option>St. Vincent und die Grenadinen<\/option><option>S\u00fcdafrika<\/option><option>Sudan<\/option><option>S\u00fcdgeorgien und die S\u00fcdlichen Sandwichinseln<\/option><option>S\u00fcdkorea<\/option><option>S\u00fcdsudan<\/option><option>Suriname<\/option><option>Svalbard und Jan Mayen<\/option><option>Syrien<\/option><option>Tadschikistan<\/option><option>Tansania<\/option><option>Thailand<\/option><option>Togo<\/option><option>Tokelau<\/option><option>Tonga<\/option><option>Trinidad und Tobago<\/option><option>Tschad<\/option><option>Tschechien<\/option><option>Tunesien<\/option><option>T\u00fcrkei<\/option><option>Turkmenistan<\/option><option>Turks- und Caicosinseln<\/option><option>Tuvalu<\/option><option>Uganda<\/option><option>Ukraine<\/option><option>Ungarn<\/option><option>United States Minor Outlying Islands<\/option><option>Uruguay<\/option><option>Usbekistan<\/option><option>Vanuatu<\/option><option>Vatikanstadt<\/option><option>Venezuela<\/option><option>Vereinigte Arabische Emirate<\/option><option>Vereinigte Staaten<\/option><option>Vereinigtes K\u00f6nigreich<\/option><option>Vietnam<\/option><option>Volksrepublik China<\/option><option>Wallis und Futuna<\/option><option>Weihnachtsinsel (Australien)<\/option><option>Zentralafrikanische Republik<\/option><option>Westsahara<\/option><\/select>\n<\/div>\n<div class=\"tnp-field tnp-privacy-field\"><label><input type=\"checkbox\" name=\"ny\" required class=\"tnp-privacy\"> <a target=\"_blank\" href=\"https:\/\/www.donbosco.press\/de\/privacy-policy-ue\/\">Wenn Sie fortfahren, erkl\u00e4ren Sie sich mit der Datenschutzerkl\u00e4rung einverstanden.<\/a><\/label><\/div><div class=\"tnp-field tnp-field-button\" style=\"text-align: left\"><input class=\"tnp-submit\" type=\"submit\" value=\"Registrieren Sie sich\" style=\"\">\n<\/div>\n<\/form>\n<\/div>\n\n","protected":false},"excerpt":{"rendered":"","protected":false},"author":1,"featured_media":0,"parent":0,"menu_order":0,"comment_status":"closed","ping_status":"closed","template":"","meta":{"iawp_total_views":8,"footnotes":""},"class_list":["post-6505","page","type-page","status-publish","hentry"],"_links":{"self":[{"href":"https:\/\/www.donbosco.press\/de\/wp-json\/wp\/v2\/pages\/6505","targetHints":{"allow":["GET"]}}],"collection":[{"href":"https:\/\/www.donbosco.press\/de\/wp-json\/wp\/v2\/pages"}],"about":[{"href":"https:\/\/www.donbosco.press\/de\/wp-json\/wp\/v2\/types\/page"}],"author":[{"embeddable":true,"href":"https:\/\/www.donbosco.press\/de\/wp-json\/wp\/v2\/users\/1"}],"replies":[{"embeddable":true,"href":"https:\/\/www.donbosco.press\/de\/wp-json\/wp\/v2\/comments?post=6505"}],"version-history":[{"count":0,"href":"https:\/\/www.donbosco.press\/de\/wp-json\/wp\/v2\/pages\/6505\/revisions"}],"wp:attachment":[{"href":"https:\/\/www.donbosco.press\/de\/wp-json\/wp\/v2\/media?parent=6505"}],"curies":[{"name":"wp","href":"https:\/\/api.w.org\/{rel}","templated":true}]}}