{"id":52432,"date":"2026-03-30T07:27:15","date_gmt":"2026-03-30T07:27:15","guid":{"rendered":"https:\/\/www.donbosco.press\/?page_id=52432"},"modified":"2026-03-30T07:27:38","modified_gmt":"2026-03-30T07:27:38","slug":"gewissenserforschung-ueber-die-kleinen-tugenden-des-christlichen-lebens","status":"publish","type":"page","link":"https:\/\/www.donbosco.press\/de\/gewissenserforschung-ueber-die-kleinen-tugenden-des-christlichen-lebens\/","title":{"rendered":"Gewissenserforschung \u00fcber die kleinen Tugenden des christlichen Lebens"},"content":{"rendered":"<p>&nbsp;<\/p>\n<p><strong>1. Konkrete N\u00e4chstenliebe und Freundlichkeit<br \/>\n<\/strong>&#8211; Behandle ich alle mit Respekt und F\u00fcrsorge, auch die, die mir unsympathisch sind oder mich st\u00f6ren?<br \/>\n&#8211; Bemerke ich, wenn jemand Hilfe oder ein offenes Ohr braucht?<br \/>\n&#8211; Verschlie\u00dfe ich mich nicht in meiner eigenen Welt und ignoriere die anderen?<\/p>\n<p><strong>2. Vergebung und Wohlwollen<br \/>\n<\/strong>&#8211; Vergebe ich die kleinen Kr\u00e4nkungen, die ich erfahre?<br \/>\n&#8211; Hege ich keine kleinen Grollgef\u00fchle oder denke grundlos schlecht \u00fcber andere?<br \/>\n&#8211; Versuche ich, andere zu verstehen, bevor ich sie verurteile?<br \/>\n&#8211; Kann ich zwischen der Person und ihrem Fehler unterscheiden?<br \/>\n&#8211; Kann ich tolerant sein (Toleranz bedeutet nicht, das B\u00f6se zu rechtfertigen oder zu akzeptieren)?<\/p>\n<p><strong>3. Sanftmut und Selbstbeherrschung<br \/>\n<\/strong>&#8211; Kann ich meinen Charakter in schwierigen Momenten beherrschen?<br \/>\n&#8211; Kann ich kleine \u00c4rgernisse ertragen, ohne mich zu reizen oder schroff zu antworten?<br \/>\n&#8211; Lasse ich mich nicht von der momentanen Stimmung beherrschen?<br \/>\n&#8211; Ist es nicht vielleicht wahr, dass mein Gem\u00fctszustand mehr von mir abh\u00e4ngt als von den Umst\u00e4nden?<\/p>\n<p><strong>4. Demut und Wahrheit \u00fcber sich selbst<br \/>\n<\/strong>&#8211; Kann ich meine Grenzen anerkennen und Korrekturen annehmen?<br \/>\n&#8211; Nehme ich mich nicht zu ernst und kann \u00fcber mich selbst lachen?<br \/>\n&#8211; Vergleiche ich mich nicht st\u00e4ndig mit anderen und versuche, besser zu erscheinen?<\/p>\n<p><strong>5. Aufrichtigkeit und Loyalit\u00e4t<br \/>\n<\/strong>&#8211; Bin ich ehrlich und loyal zu mir selbst und zu anderen?<br \/>\n&#8211; Halte ich mein Wort und vermeide L\u00fcgen und \u00dcbertreibungen?<br \/>\n&#8211; Rechtfertige ich mich nicht, um meine Fehler zu vertuschen?<\/p>\n<p><strong>6. Gebrauch der Sprache<br \/>\n<\/strong>&#8211; Spreche ich mit Respekt und vermeide harte Worte, b\u00f6se Ironie und Klatsch?<br \/>\n&#8211; Bin ich nicht beleidigend oder un\u00fcberlegt in meiner Sprache?<br \/>\n&#8211; Kann ich schweigen, wenn es besser ist?<br \/>\n&#8211; Bauen meine Worte auf oder verletzen sie?<\/p>\n<p><strong>7. Treue in den kleinen Pflichten<br \/>\n<\/strong>&#8211; Organisiere ich meinen Tag gut?<br \/>\n&#8211; Bringe ich zu Ende, was ich tun muss, ohne es aufzuschieben oder die Dinge oberfl\u00e4chlich zu erledigen?<br \/>\n&#8211; Bin ich p\u00fcnktlich zu Terminen, bei der Arbeit, zum Gebet?<br \/>\n&#8211; Verschwende ich keine Zeit mit nutzlosen Dingen?<\/p>\n<p><strong>8. Dienstbereitschaft und Verantwortung<br \/>\n<\/strong>&#8211; Stelle ich mich zur Verf\u00fcgung, um zu Hause, in der Familie und bei der Arbeit zu helfen?<br \/>\n&#8211; Erf\u00fclle ich meine Pflicht auch dann, wenn es M\u00fche kostet, ohne immer nur das N\u00f6tigste zu tun?<br \/>\n&#8211; Meide ich nicht die Verantwortung und denke nur an das, was mir gef\u00e4llt?<\/p>\n<p><strong>9. Gen\u00fcgsamkeit und Einfachheit<br \/>\n<\/strong>&#8211; Lebe ich einfach und ma\u00dfvoll und vermeide Verschwendung?<br \/>\n&#8211; Kann ich mich zufriedengeben oder versuche ich immer, mehr zu haben?<br \/>\n&#8211; Lasse ich mich nicht von Bequemlichkeiten beherrschen?<\/p>\n<p><strong>10. Dankbarkeit und Freude<br \/>\n<\/strong>&#8211; Bin ich Gott, meiner Familie und denen, die mir geholfen haben, dankbar?<br \/>\n&#8211; Erkenne ich das Gute an, das ich empfange? Kann ich danke sagen?<br \/>\n&#8211; Halte ich nicht alles f\u00fcr selbstverst\u00e4ndlich?<br \/>\n&#8211; Sehe ich nicht nur das, was mir fehlt?<br \/>\n&#8211; Klage ich nicht st\u00e4ndig?<\/p>\n<p><strong>11. Bewahrung des Herzens und der Gedanken<br \/>\n<\/strong>&#8211; Versuche ich, gute Gedanken gegen\u00fcber anderen zu haben, ohne Misstrauen oder voreilige Urteile?<br \/>\n&#8211; Pflege ich in mir keine Bitterkeit, kein Misstrauen oder unn\u00f6tige Negativit\u00e4t?<\/p>\n<p><strong>12. Gegenwart Gottes in den kleinen Dingen<br \/>\n<\/strong>&#8211; Denke ich w\u00e4hrend des Tages an Gott und bringe Ihm auch die einfachsten Handlungen dar?<br \/>\n&#8211; Versuche ich, alles mit Liebe zu tun, im Glauben, dass die kleinen, f\u00fcr Gott gut gemachten Dinge einen Wert haben?<br \/>\n&#8211; Lebe ich nicht so, als w\u00e4re Gott weit von meinem t\u00e4glichen Leben entfernt?<\/p>\n","protected":false},"excerpt":{"rendered":"<p>&nbsp; 1. Konkrete N\u00e4chstenliebe und Freundlichkeit &#8211; Behandle ich alle mit Respekt und F\u00fcrsorge, auch&#8230;<\/p>\n","protected":false},"author":1,"featured_media":52425,"parent":0,"menu_order":0,"comment_status":"closed","ping_status":"closed","template":"","meta":{"iawp_total_views":3,"footnotes":""},"class_list":["post-52432","page","type-page","status-publish","has-post-thumbnail","hentry"],"_links":{"self":[{"href":"https:\/\/www.donbosco.press\/de\/wp-json\/wp\/v2\/pages\/52432","targetHints":{"allow":["GET"]}}],"collection":[{"href":"https:\/\/www.donbosco.press\/de\/wp-json\/wp\/v2\/pages"}],"about":[{"href":"https:\/\/www.donbosco.press\/de\/wp-json\/wp\/v2\/types\/page"}],"author":[{"embeddable":true,"href":"https:\/\/www.donbosco.press\/de\/wp-json\/wp\/v2\/users\/1"}],"replies":[{"embeddable":true,"href":"https:\/\/www.donbosco.press\/de\/wp-json\/wp\/v2\/comments?post=52432"}],"version-history":[{"count":2,"href":"https:\/\/www.donbosco.press\/de\/wp-json\/wp\/v2\/pages\/52432\/revisions"}],"predecessor-version":[{"id":52437,"href":"https:\/\/www.donbosco.press\/de\/wp-json\/wp\/v2\/pages\/52432\/revisions\/52437"}],"wp:featuredmedia":[{"embeddable":true,"href":"https:\/\/www.donbosco.press\/de\/wp-json\/wp\/v2\/media\/52425"}],"wp:attachment":[{"href":"https:\/\/www.donbosco.press\/de\/wp-json\/wp\/v2\/media?parent=52432"}],"curies":[{"name":"wp","href":"https:\/\/api.w.org\/{rel}","templated":true}]}}