{"id":52378,"date":"2026-03-30T07:51:21","date_gmt":"2026-03-30T07:51:21","guid":{"rendered":"https:\/\/www.donbosco.press\/?page_id=52378"},"modified":"2026-03-30T07:51:56","modified_gmt":"2026-03-30T07:51:56","slug":"gewissenserforschung-ueber-die-vorbereitung-auf-den-tod","status":"publish","type":"page","link":"https:\/\/www.donbosco.press\/de\/gewissenserforschung-ueber-die-vorbereitung-auf-den-tod\/","title":{"rendered":"Gewissenserforschung \u00fcber die Vorbereitung auf den Tod"},"content":{"rendered":"<p>&nbsp;<\/p>\n<p><strong>1. Zustand meiner Seele vor Gott<br \/>\n<\/strong>&#8211; Bin ich in der Gnade Gottes oder lebe ich in S\u00fcnde, ohne mich \u00e4ndern zu wollen?<br \/>\n&#8211; Beichte ich aufrichtig und regelm\u00e4\u00dfig, ohne die Bekehrung aufzuschieben in dem Gedanken, ich h\u00e4tte noch Zeit?<br \/>\n&#8211; Wenn ich heute Nacht sterben m\u00fcsste, w\u00e4re ich ruhig? Wenn nicht, bin ich entschlossen, die Ursache daf\u00fcr zu beseitigen, koste es, was es wolle?<\/p>\n<p><strong>2. Glaube an das ewige Leben und das Gericht<br \/>\n<\/strong>&#8211; Glaube ich wirklich, dass ich \u00fcber mein ganzes Leben Rechenschaft ablegen muss?<br \/>\n&#8211; Glaube ich wirklich, dass das Paradies und die H\u00f6lle ewig sind?<br \/>\n&#8211; Lebe ich nicht nur f\u00fcr dieses Leben und vergesse, dass alles vergehen wird?<br \/>\n&#8211; Vernachl\u00e4ssige ich nicht die Vorbereitung auf das ewige Leben, indem ich nur an das gegenw\u00e4rtige denke?<\/p>\n<p><strong>3. Gedenken an den Tod und Wachsamkeit<br \/>\n<\/strong>&#8211; Denke ich wenigstens ab und zu daran, dass ich sterben muss?<br \/>\n&#8211; Erinnere ich mich an die Lehre: \u201e<em>Memento mori<\/em> \u2013 Gedenke deiner letzten Dinge\u201c?<br \/>\n&#8211; Denke ich mindestens einmal im Monat ernsthaft \u00fcber den Tod nach? Ver\u00e4ndert mich diese Reflexion?<br \/>\n&#8211; Lebe ich nicht so, als w\u00e4re der Tod weit entfernt, und vergesse, dass ich auch heute sterben k\u00f6nnte?<\/p>\n<p><strong>4. Konkrete Vorbereitung und Entscheidungen<br \/>\n<\/strong>&#8211; Wenn ich mich auf wichtige Ereignisse im Leben ernsthaft vorbereite, ist mir dann bewusst, dass der Tod das wichtigste Ereignis meines Lebens ist, auf das ich mich mit gr\u00f6\u00dfter Sorgfalt vorbereiten muss?<br \/>\n&#8211; Bereite ich mich konkret auf die Begegnung mit Gott vor?<br \/>\n&#8211; Schiebe ich wichtige Entscheidungen nicht immer auf und \u00fcberlasse alles dem \u201eMorgen\u201c?<br \/>\n&#8211; Was werde ich heute noch tun, um besser vorbereitet zu sein?<\/p>\n<p><strong>5. Kampf gegen die S\u00fcnde im Licht des Todes<br \/>\n<\/strong>&#8211; Denke ich in Versuchungen daran, dass ich sofort danach sterben k\u00f6nnte? \u2013 Hilft mir dieser Gedanke, dem B\u00f6sen zu widerstehen?<br \/>\n&#8211; Bek\u00e4mpfe ich ernsthaft meine Gewohnheitss\u00fcnden?<br \/>\n&#8211; Lasse ich mich nicht gehen und denke, \u201edas ist nichts\u201c?<br \/>\n&#8211; Untersch\u00e4tze ich nicht die Gefahr der S\u00fcnde, wissend, dass wer in Tods\u00fcnde stirbt, f\u00fcr die ganze Ewigkeit in die H\u00f6lle kommt?<\/p>\n<p><strong>6. Losl\u00f6sung von der Welt und Nutzung der Zeit<br \/>\n<\/strong>&#8211; Hilft mir der Gedanke an den Tod, mich von Eitelkeiten und dem zu l\u00f6sen, was mich von Gott entfernt?<br \/>\n&#8211; H\u00e4nge ich nicht zu sehr an der Welt?<br \/>\n&#8211; Lebe ich nicht so, als w\u00fcrde ich f\u00fcr immer hier bleiben?<br \/>\n&#8211; Treibt mich die K\u00fcrze des Lebens an, jeden Tag gut zu leben?<br \/>\n&#8211; Nutze ich die Zeit, die Gott mir schenkt, gut? Verschwende ich keine Zeit mit unn\u00fctzen Dingen?<br \/>\n&#8211; Versuche ich, jeden Tag Gutes zu tun?<br \/>\n&#8211; Schiebe ich nicht auf, was wichtig ist?<br \/>\n&#8211; Lebe ich nicht ohne ein ewiges Ziel?<\/p>\n<p><strong>7. Beziehungen, Vergebung und N\u00e4chstenliebe<br \/>\n<\/strong>&#8211; Bin ich mit allen im Reinen, habe ich denen vergeben, die mir B\u00f6ses getan haben, und habe ich um Vergebung gebeten, wo es n\u00f6tig war?<br \/>\n&#8211; Schiebe ich die Vers\u00f6hnung nicht auf und riskiere nicht, mit verschlossenem Herzen vor Gott zu treten?<br \/>\n&#8211; Tue ich Gutes, wann immer ich kann, ohne die N\u00e4chstenliebe aufzuschieben, die ich heute leben kann?<\/p>\n<p><strong>8. Beziehung zu Gott und Hoffnung<br \/>\n<\/strong>&#8211; Lebe ich in Freundschaft mit Gott, bete ich jeden Tag und vertraue mich Ihm an?<br \/>\n&#8211; Erinnere ich mich nur in der Not an Gott oder lebe ich fern von Ihm?<br \/>\n&#8211; Habe ich Frieden im Herzen, wenn ich an den Tod denke?<br \/>\n&#8211; Vertraue ich auf seine Barmherzigkeit und lebe mit christlicher Hoffnung, ohne an der Erl\u00f6sung zu verzweifeln?<\/p>\n<p><strong>9. St\u00e4ndige Wachsamkeit und Vorbereitung auf die Ewigkeit<br \/>\n<\/strong>&#8211; Lebe ich jeden Tag als Vorbereitung auf die Begegnung mit Gott und halte meine Seele bereit?<br \/>\n&#8211; Bin ich bereit, jederzeit zu sterben? Halte ich meine Seele vorbereitet?<br \/>\n&#8211; Erinnere ich mich tags\u00fcber an Gott oder lebe ich, als g\u00e4be es Gott nicht? Lebe ich wachsam?<br \/>\n&#8211; Mache ich mir nicht die Illusion, immer Zeit zu haben, und lebe nicht zerstreut und unvorbereitet?<br \/>\n&#8211; Habe ich auch die praktischen Dinge geregelt, wie zum Beispiel das Testament?<\/p>\n","protected":false},"excerpt":{"rendered":"<p>&nbsp; 1. Zustand meiner Seele vor Gott &#8211; Bin ich in der Gnade Gottes oder&#8230;<\/p>\n","protected":false},"author":1,"featured_media":52370,"parent":0,"menu_order":0,"comment_status":"closed","ping_status":"closed","template":"","meta":{"iawp_total_views":0,"footnotes":""},"class_list":["post-52378","page","type-page","status-publish","has-post-thumbnail","hentry"],"_links":{"self":[{"href":"https:\/\/www.donbosco.press\/de\/wp-json\/wp\/v2\/pages\/52378","targetHints":{"allow":["GET"]}}],"collection":[{"href":"https:\/\/www.donbosco.press\/de\/wp-json\/wp\/v2\/pages"}],"about":[{"href":"https:\/\/www.donbosco.press\/de\/wp-json\/wp\/v2\/types\/page"}],"author":[{"embeddable":true,"href":"https:\/\/www.donbosco.press\/de\/wp-json\/wp\/v2\/users\/1"}],"replies":[{"embeddable":true,"href":"https:\/\/www.donbosco.press\/de\/wp-json\/wp\/v2\/comments?post=52378"}],"version-history":[{"count":2,"href":"https:\/\/www.donbosco.press\/de\/wp-json\/wp\/v2\/pages\/52378\/revisions"}],"predecessor-version":[{"id":52383,"href":"https:\/\/www.donbosco.press\/de\/wp-json\/wp\/v2\/pages\/52378\/revisions\/52383"}],"wp:featuredmedia":[{"embeddable":true,"href":"https:\/\/www.donbosco.press\/de\/wp-json\/wp\/v2\/media\/52370"}],"wp:attachment":[{"href":"https:\/\/www.donbosco.press\/de\/wp-json\/wp\/v2\/media?parent=52378"}],"curies":[{"name":"wp","href":"https:\/\/api.w.org\/{rel}","templated":true}]}}