{"id":52353,"date":"2026-03-30T07:36:43","date_gmt":"2026-03-30T07:36:43","guid":{"rendered":"https:\/\/www.donbosco.press\/?page_id=52353"},"modified":"2026-03-30T07:37:15","modified_gmt":"2026-03-30T07:37:15","slug":"gewissenserforschung-ueber-die-innere-abtoetung","status":"publish","type":"page","link":"https:\/\/www.donbosco.press\/de\/gewissenserforschung-ueber-die-innere-abtoetung\/","title":{"rendered":"Gewissenserforschung \u00fcber die innere Abt\u00f6tung"},"content":{"rendered":"<p>&nbsp;<\/p>\n<p><strong>1. Offenheit f\u00fcr die Gnade und Schutz der Seele<br \/>\n<\/strong>&#8211; \u00d6ffne ich meine Seele der Gnade Gottes, indem ich seine Begegnung im Gebet, in der Lekt\u00fcre und in den Sakramenten suche?<br \/>\n&#8211; Achte ich darauf, meine Seele vor dem zu verschlie\u00dfen, was mir geistlich schadet?<br \/>\n&#8211; Lasse ich mich nicht freiwillig von Bildern, Worten oder Dingen anziehen, die das Herz beschmutzen?<\/p>\n<p><strong>2. F\u00fcgsamkeit gegen\u00fcber Gott und Abt\u00f6tung des Willens<br \/>\n<\/strong>&#8211; H\u00f6re ich auf die Stimme des Gewissens und akzeptiere, was Gott in meinem Leben zul\u00e4sst?<br \/>\n&#8211; Gehorche ich denen, die mich f\u00fchren und korrigieren, oder will ich immer meinen eigenen Kopf durchsetzen?<br \/>\n&#8211; Bleibe ich nicht stur, auch wenn ich merke, dass ich im Unrecht bin?<br \/>\n&#8211; Suche ich bei Entscheidungen den Willen Gottes?<br \/>\n&#8211; Bin ich \u00fcberzeugt, dass ich ohne Abt\u00f6tung im Glauben nicht wachsen kann?<\/p>\n<p><strong>3. Abt\u00f6tung der Leidenschaften<br \/>\n<\/strong>&#8211; Z\u00fcgle ich die ungeordneten Leidenschaften \u2013 Wut, Impuls, Begierde \u2013 ohne sofort dem nachzugeben, was mir gef\u00e4llt, aber nicht richtig ist?<br \/>\n&#8211; Pflege ich stattdessen gute Leidenschaften, wie die Liebe zu Gott und zum N\u00e4chsten?<\/p>\n<p><strong>4. Reinheit und Bewahrung des K\u00f6rpers<br \/>\n<\/strong>&#8211; Respektiere ich meinen K\u00f6rper und den K\u00f6rper anderer mit Reinheit?<br \/>\n&#8211; Meide ich die Gelegenheiten zur S\u00fcnde und alles, was die Keuschheit verletzt?<br \/>\n&#8211; Schaue, h\u00f6re oder suche ich nicht nach Dingen, die das Herz beschmutzen?<br \/>\n&#8211; Meide ich alle Gelegenheiten zur S\u00fcnde?<\/p>\n<p><strong>5. Abt\u00f6tung des Verstandes und des Urteils<br \/>\n<\/strong>&#8211; Suche ich die Wahrheit oder nur das, was mir passt?<br \/>\n&#8211; Konstruiere ich keine Argumente, um mich selbst zu rechtfertigen, oder urteile ich, ohne Bescheid zu wissen?<br \/>\n&#8211; Verliere ich mich nicht in nutzloser Neugier und Dingen, die nichts n\u00fctzen?<br \/>\n&#8211; Suche ich in Gespr\u00e4chen und beim Studium das, was notwendig ist?<\/p>\n<p><strong>6. Abt\u00f6tung der Vorstellungskraft und des Ged\u00e4chtnisses<br \/>\n<\/strong>&#8211; Kontrolliere ich meine Fantasie und vermeide es, eitle oder gef\u00e4hrliche Bilder zu n\u00e4hren?<br \/>\n&#8211; Kehre ich gedanklich nicht zu schlechten Erinnerungen, Groll oder Situationen zur\u00fcck, die mich zu Fall bringen?<br \/>\n&#8211; N\u00e4hre ich meinen Geist mit guten Dingen und lasse die schlechten los?<br \/>\n&#8211; Lasse ich mich st\u00e4ndig ablenken?<\/p>\n<p><strong>7. Abt\u00f6tung der Sturheit und der Eigenliebe<br \/>\n<\/strong>&#8211; Erkenne ich an, wenn andere Recht haben, und kann ich in unwichtigen Dingen nachgeben?<br \/>\n&#8211; Will ich nicht immer das letzte Wort haben oder aus Stolz an meinen Ideen festhalten?<\/p>\n<p><strong>8. Abt\u00f6tung bei Entscheidungen und Wahlen<br \/>\n<\/strong>&#8211; Suche ich bei meinen Entscheidungen wirklich das Gute, ohne mich von Leidenschaften oder der Angst vor dem Urteil anderer leiten zu lassen?<br \/>\n&#8211; Suche ich nicht immer den einfachsten Weg oder handle ohne nachzudenken?<\/p>\n<p><strong>9. Abt\u00f6tung in den kleinen allt\u00e4glichen Dingen<br \/>\n<\/strong>&#8211; Kann ich jeden Tag kleine \u201eNeins\u201c zu mir selbst sagen?<br \/>\n&#8211; Suche ich nicht immer nach Bequemlichkeit? Gebe ich Launen nach und meide jedes Opfer?<\/p>\n<p><strong>10. Abt\u00f6tung der Neugier und der Oberfl\u00e4chlichkeit<br \/>\n<\/strong>&#8211; Kontrolliere ich meine Neugier? Suche ich immer nach nutzlosen Neuigkeiten?<br \/>\n&#8211; Verliere ich mich in vielen Dingen, ohne sie zu vertiefen?<br \/>\n&#8211; Wechsle ich nicht ohne Best\u00e4ndigkeit von einem Interesse zum anderen?<\/p>\n<p><strong>11. Gegenwart Gottes im inneren Leben<br \/>\n<\/strong>&#8211; Lade ich Gott in meine Gedanken ein und biete ihm mein Inneres an?<br \/>\n&#8211; Lebe ich nicht mit einem zerstreuten Geist?<br \/>\n&#8211; Wei\u00df ich, dass ich, um zur Heiligkeit zu gelangen, die innere Herrschaft erlangen muss?<\/p>\n","protected":false},"excerpt":{"rendered":"<p>&nbsp; 1. Offenheit f\u00fcr die Gnade und Schutz der Seele &#8211; \u00d6ffne ich meine Seele&#8230;<\/p>\n","protected":false},"author":1,"featured_media":52346,"parent":0,"menu_order":0,"comment_status":"closed","ping_status":"closed","template":"","meta":{"iawp_total_views":0,"footnotes":""},"class_list":["post-52353","page","type-page","status-publish","has-post-thumbnail","hentry"],"_links":{"self":[{"href":"https:\/\/www.donbosco.press\/de\/wp-json\/wp\/v2\/pages\/52353","targetHints":{"allow":["GET"]}}],"collection":[{"href":"https:\/\/www.donbosco.press\/de\/wp-json\/wp\/v2\/pages"}],"about":[{"href":"https:\/\/www.donbosco.press\/de\/wp-json\/wp\/v2\/types\/page"}],"author":[{"embeddable":true,"href":"https:\/\/www.donbosco.press\/de\/wp-json\/wp\/v2\/users\/1"}],"replies":[{"embeddable":true,"href":"https:\/\/www.donbosco.press\/de\/wp-json\/wp\/v2\/comments?post=52353"}],"version-history":[{"count":2,"href":"https:\/\/www.donbosco.press\/de\/wp-json\/wp\/v2\/pages\/52353\/revisions"}],"predecessor-version":[{"id":52358,"href":"https:\/\/www.donbosco.press\/de\/wp-json\/wp\/v2\/pages\/52353\/revisions\/52358"}],"wp:featuredmedia":[{"embeddable":true,"href":"https:\/\/www.donbosco.press\/de\/wp-json\/wp\/v2\/media\/52346"}],"wp:attachment":[{"href":"https:\/\/www.donbosco.press\/de\/wp-json\/wp\/v2\/media?parent=52353"}],"curies":[{"name":"wp","href":"https:\/\/api.w.org\/{rel}","templated":true}]}}