{"id":52327,"date":"2026-03-30T07:47:01","date_gmt":"2026-03-30T07:47:01","guid":{"rendered":"https:\/\/www.donbosco.press\/?page_id=52327"},"modified":"2026-03-30T07:47:38","modified_gmt":"2026-03-30T07:47:38","slug":"gewissenserforschung-ueber-die-uebereinstimmung-mit-dem-willen-gottes","status":"publish","type":"page","link":"https:\/\/www.donbosco.press\/de\/gewissenserforschung-ueber-die-uebereinstimmung-mit-dem-willen-gottes\/","title":{"rendered":"Gewissenserforschung \u00fcber die \u00dcbereinstimmung mit dem Willen Gottes"},"content":{"rendered":"<p>&nbsp;<\/p>\n<p><strong>1. Glaube an Gott und seine Liebe<br \/>\n<\/strong>&#8211; Habe ich den Glauben, dass Gott immer mein wahres Wohl will und dass nichts ohne seine Zulassung geschieht?<br \/>\n&#8211; Zweifle ich in schwierigen Momenten nicht an seiner Liebe, verliere ich nicht den Mut und denke nicht, dass er mich verlassen hat?<\/p>\n<p><strong>2. Vertrauen und Hingabe<br \/>\n<\/strong>&#8211; Vertraue ich mein Leben wirklich Gott an, auch wenn alles schiefl\u00e4uft?<br \/>\n&#8211; Versuche ich nicht, alles zu kontrollieren, lebe ich nicht in \u00fcberm\u00e4\u00dfiger Angst und h\u00e4nge nicht zu sehr an meiner Sicherheit (Gesundheit, Zukunft, G\u00fcter)?<\/p>\n<p><strong>3. Annahme und \u00dcbereinstimmung mit dem Willen Gottes<br \/>\n<\/strong>&#8211; Akzeptiere ich, was Gott zul\u00e4sst \u2013 Krankheiten, Pr\u00fcfungen, Dem\u00fctigungen, Entt\u00e4uschungen \u2013 ohne mich aufzulehnen oder zu protestieren?<br \/>\n&#8211; Will ich wirklich, was Gott will, auf die Weise und zu der Zeit, wie Er handelt, ohne seinen Willen an meine W\u00fcnsche anzupassen?<br \/>\n&#8211; Sage ich auch in schwierigen Momenten \u201eJa\u201c zu Gott?<br \/>\n&#8211; Weigere ich mich, das Kreuz auf mich zu nehmen, wenn es sich zeigt, weil ich es nicht verstehe?<\/p>\n<p><strong>4. Suche nach dem Willen Gottes<br \/>\n<\/strong>&#8211; Suche ich im Gebet nach dem Willen Gottes, bevor ich entscheide? Ignoriere ich die Zeichen und Eingebungen, die ich erhalte?<br \/>\n&#8211; Lebe ich nicht, ohne mich zu fragen, was Gott f\u00fcr mein Leben will?<\/p>\n<p><strong>5. Gehorsam und F\u00fcgsamkeit<br \/>\n<\/strong>&#8211; Gehorche ich den Geboten, der Kirche und denen, die Autorit\u00e4t \u00fcber mich haben?<br \/>\n&#8211; Interpretiere ich den Glauben nicht auf meine Weise oder verweigere den Gehorsam aus Stolz?<\/p>\n<p><strong>6. Losl\u00f6sung von sich selbst und den Dingen<br \/>\n<\/strong>&#8211; Setze ich Gott wirklich an die erste Stelle, ohne die Familie, die Arbeit oder anderes zu meiner \u201eersten Liebe\u201c zu machen?<br \/>\n&#8211; Kann ich mich von dem l\u00f6sen, was mich zu sehr bindet?<br \/>\n&#8211; Lebe ich nicht zu sehr auf mich selbst zentriert?<\/p>\n<p><strong>7. Reinheit der Absicht<br \/>\n<\/strong>&#8211; Tue ich die Dinge f\u00fcr Gott oder f\u00fcr mich selbst, und versuche ich, Ihm mehr zu gefallen als den Menschen?<br \/>\n&#8211; Handle ich nicht aus Stolz, Eigennutz oder Suche nach Anerkennung?<br \/>\n&#8211; Lasse ich mich von Menschenfurcht leiten?<\/p>\n<p><strong>8. Alltagsleben und konkrete \u00dcbereinstimmung<br \/>\n<\/strong>&#8211; Akzeptiere ich die kleinen t\u00e4glichen Widrigkeiten mit Geduld, ohne mich zu beklagen oder immer den einfachsten Weg zu suchen?<br \/>\n&#8211; Ignoriere ich nicht den Willen Gottes in den kleinen Dingen des Alltags?<br \/>\n&#8211; Lebe ich schwierige Situationen mit Geduld?<\/p>\n<p><strong>9. Dankbarkeit und innerer Frieden<br \/>\n<\/strong>&#8211; Danke ich Gott f\u00fcr alles, was er mir schenkt? Nehme ich alles als selbstverst\u00e4ndlich hin?<br \/>\n&#8211; Erkenne ich die Gnaden an, die ich in meinem Leben empfangen habe? Vergesse ich die empfangenen Wohltaten?<br \/>\n&#8211; Kann ich auch in Schwierigkeiten danke sagen? Beklage ich mich nicht, anstatt zu danken?<br \/>\n&#8211; Lebe ich im Frieden des Herzens, ohne mich unn\u00f6tig aufzuregen oder die Gelassenheit wegen Kleinigkeiten zu verlieren?<br \/>\n&#8211; Bewahre ich in Schwierigkeiten die Ruhe?<br \/>\n&#8211; Lebe ich nicht unruhig und unzufrieden?<\/p>\n<p><strong>10. Liebe zum Willen Gottes<br \/>\n<\/strong>&#8211; Liebe ich den Willen Gottes oder erdulde ich ihn nur gezwungenerma\u00dfen?<br \/>\n&#8211; Versuche ich, meinen Willen mit seinem zu vereinen, und w\u00fcnsche mir wirklich, was Er w\u00fcnscht?<\/p>\n","protected":false},"excerpt":{"rendered":"<p>&nbsp; 1. Glaube an Gott und seine Liebe &#8211; Habe ich den Glauben, dass Gott&#8230;<\/p>\n","protected":false},"author":1,"featured_media":52319,"parent":0,"menu_order":0,"comment_status":"closed","ping_status":"closed","template":"","meta":{"iawp_total_views":0,"footnotes":""},"class_list":["post-52327","page","type-page","status-publish","has-post-thumbnail","hentry"],"_links":{"self":[{"href":"https:\/\/www.donbosco.press\/de\/wp-json\/wp\/v2\/pages\/52327","targetHints":{"allow":["GET"]}}],"collection":[{"href":"https:\/\/www.donbosco.press\/de\/wp-json\/wp\/v2\/pages"}],"about":[{"href":"https:\/\/www.donbosco.press\/de\/wp-json\/wp\/v2\/types\/page"}],"author":[{"embeddable":true,"href":"https:\/\/www.donbosco.press\/de\/wp-json\/wp\/v2\/users\/1"}],"replies":[{"embeddable":true,"href":"https:\/\/www.donbosco.press\/de\/wp-json\/wp\/v2\/comments?post=52327"}],"version-history":[{"count":2,"href":"https:\/\/www.donbosco.press\/de\/wp-json\/wp\/v2\/pages\/52327\/revisions"}],"predecessor-version":[{"id":52334,"href":"https:\/\/www.donbosco.press\/de\/wp-json\/wp\/v2\/pages\/52327\/revisions\/52334"}],"wp:featuredmedia":[{"embeddable":true,"href":"https:\/\/www.donbosco.press\/de\/wp-json\/wp\/v2\/media\/52319"}],"wp:attachment":[{"href":"https:\/\/www.donbosco.press\/de\/wp-json\/wp\/v2\/media?parent=52327"}],"curies":[{"name":"wp","href":"https:\/\/api.w.org\/{rel}","templated":true}]}}