{"id":52300,"date":"2026-03-30T07:32:43","date_gmt":"2026-03-30T07:32:43","guid":{"rendered":"https:\/\/www.donbosco.press\/?page_id=52300"},"modified":"2026-03-30T07:33:36","modified_gmt":"2026-03-30T07:33:36","slug":"gewissenserforschung-ueber-die-mittel-zur-heiligkeit","status":"publish","type":"page","link":"https:\/\/www.donbosco.press\/de\/gewissenserforschung-ueber-die-mittel-zur-heiligkeit\/","title":{"rendered":"Gewissenserforschung \u00fcber die Mittel zur Heiligkeit"},"content":{"rendered":"<p>&nbsp;<\/p>\n<p><strong>1. Lebensziel und Wunsch nach Heiligkeit<br \/>\n<\/strong>&#8211; Habe ich wirklich das Ziel, in meinem Leben heilig zu werden (nur die Heiligen kommen in den Himmel)?<br \/>\n&#8211; Zeigt mein Leben, dass ich ein J\u00fcnger Christi bin?<br \/>\n&#8211; Habe ich klare Priorit\u00e4ten (Gott, Familie, Arbeit) und lebe ich sie treu?<br \/>\n&#8211; Lebe ich nicht oberfl\u00e4chlich, ohne eine wahre Richtung?<br \/>\n&#8211; Lebe ich im Gedanken an das ewige Leben?<br \/>\n&#8211; Deute ich das, was ich tue, im Licht der Ewigkeit?<\/p>\n<p><strong>2. Gebet und Beziehung zu Gott<br \/>\n<\/strong>&#8211; Widme ich jeden Tag Zeit, um im Gebet bei Gott zu sein?<br \/>\n&#8211; Bete ich von Herzen, indem ich lobe, danke und um Vergebung bitte?<br \/>\n&#8211; Bete ich nur, um zu bitten oder, schlimmer noch, um zu fordern?<br \/>\n&#8211; Kann ich vor Gott schweigen, um ihm zuzuh\u00f6ren?<br \/>\n&#8211; Lege ich F\u00fcrsprache f\u00fcr meine Familie, f\u00fcr die Kirche, f\u00fcr die Welt ein?<br \/>\n&#8211; Bitte ich Gott, mich selbst besser kennen zu lernen?<\/p>\n<p><strong>3. Beichte<br \/>\n<\/strong>&#8211; Beichte ich regelm\u00e4\u00dfig, aufrichtig und mit Reue?<br \/>\n&#8211; Bereite ich mich gut auf die Gewissenserforschung vor?<br \/>\n&#8211; Habe ich einen festen Beichtvater, der mir hilft zu wachsen?<br \/>\n&#8211; Meide ich die Gelegenheiten zur S\u00fcnde (Umfelder, Gewohnheiten, Gesellschaft)?<br \/>\n&#8211; Sehe ich konkrete Ver\u00e4nderungen in meinem Leben von einer Beichte zur n\u00e4chsten?<\/p>\n<p><strong>4. Eucharistie<br \/>\n<\/strong>&#8211; Nehme ich mit Glauben und Aufmerksamkeit an der Messe teil?<br \/>\n&#8211; Bereite ich mich gut auf die Kommunion vor und danke dem Herrn, nachdem ich ihn empfangen habe?<br \/>\n&#8211; Empfange ich die Kommunion nicht aus Gewohnheit, ohne dass sie Fr\u00fcchte in meinem Leben tr\u00e4gt?<\/p>\n<p><strong>5. Wort Gottes und Bildung<br \/>\n<\/strong>&#8211; Lese und meditiere ich das Wort Gottes?<br \/>\n&#8211; Vertiefe ich meinen Glauben mit der Bibel, dem Katechismus und guter Lekt\u00fcre?<br \/>\n&#8211; Setze ich das, was ich h\u00f6re, in die Praxis um, oder bleibe ich stehen, ohne zu wachsen?<\/p>\n<p><strong>6. Geistlicher Kampf und Bekehrung<br \/>\n<\/strong>&#8211; Bek\u00e4mpfe ich meine Fehler mit Engagement und versuche, die S\u00fcnde und ihre Gelegenheiten zu meiden?<br \/>\n&#8211; Stehe ich nach St\u00fcrzen wieder auf, ohne mich an die S\u00fcnde zu gew\u00f6hnen?<br \/>\n&#8211; Schiebe ich die Bekehrung nicht auf?<br \/>\n&#8211; Rechtfertige ich mich nicht, anstatt mich zu \u00e4ndern?<\/p>\n<p><strong>7. Kreuz und Opfer<br \/>\n<\/strong>&#8211; Akzeptiere ich Schwierigkeiten und Leiden als Teil meines christlichen Lebens und auch als Gelegenheit zum Wachsen?<br \/>\n&#8211; Vereine ich meine M\u00fchen mit denen Christi, indem ich ihm die Leiden, Krankheiten usw. anbiete?<br \/>\n&#8211; Lehne ich das Kreuz nicht ab, indem ich immer den einfachsten Weg suche?<br \/>\n&#8211; Bitte ich Gott um die Gnade, das Kreuz zu lieben?<\/p>\n<p><strong>8. In Christus gelebte Beziehungen<br \/>\n<\/strong>&#8211; Sind meine Beziehungen aufrichtig, rein und respektvoll?<br \/>\n&#8211; Lebe ich meine Beziehungen im Licht des Herrn?<br \/>\n&#8211; Kann ich vergeben, wenn ich gekr\u00e4nkt werde, und suche ich die Vers\u00f6hnung mit denen, mit denen ich im Unreinen bin?<br \/>\n&#8211; Bin ich bereit, anderen aus Liebe zu Gott zu dienen, nicht nur, um mich gut zu f\u00fchlen?<\/p>\n<p><strong>9. Familienleben und Standespflichten<br \/>\n<\/strong>&#8211; Trage ich dazu bei, in der Familie ein Klima der Liebe und des Glaubens zu schaffen?<br \/>\n&#8211; Erf\u00fclle ich meine Pflichten als Vater, Mutter, Sohn oder gottgeweihte Person mit Treue?<br \/>\n&#8211; Arbeite ich ehrlich und vernachl\u00e4ssige nicht die t\u00e4glichen Verantwortungen?<\/p>\n<p><strong>10. Apostolat und Zeugnis<br \/>\n<\/strong>&#8211; F\u00fchre ich andere durch mein Leben und meine Worte, wenn es angebracht ist, zum Herrn?<br \/>\n&#8211; Verstecke ich meinen Glauben nicht aus Angst vor dem Urteil anderer?<\/p>\n<p><strong>11. Konkrete N\u00e4chstenliebe und Werke der Barmherzigkeit<br \/>\n<\/strong>&#8211; Bin ich den Armen, Kranken und Fremden nahe und sehe in ihnen Br\u00fcder in Christus?<br \/>\n&#8211; Kann ich tr\u00f6sten, mit N\u00e4chstenliebe zurechtweisen und guten Rat geben?<br \/>\n&#8211; Ziehe ich mich nicht zur\u00fcck, wenn es darum geht, zu spenden oder an den Werken der Kirche teilzunehmen?<br \/>\n&#8211; Mache ich keine Unterschiede aufgrund des Aussehens oder der Sympathie?<\/p>\n<p><strong>12. Umgang mit der Zeit und Gegenwart Gottes<br \/>\n<\/strong>&#8211; Nutze ich die Zeit gut und gebe den wichtigen Dingen Raum \u2013 Gebet, Familie, Arbeit?<br \/>\n&#8211; Denke ich w\u00e4hrend des Tages an Gott und bringe Ihm meine Handlungen dar, auch die kleinsten?<br \/>\n&#8211; Trenne ich den Glauben nicht vom konkreten Leben, im Glauben, dass Heiligkeit auch durch die gut gelebten kleinen Dinge geschieht?<br \/>\n&#8211; Versuche ich, alles aus Liebe zu Gott zu tun?<\/p>\n","protected":false},"excerpt":{"rendered":"<p>&nbsp; 1. Lebensziel und Wunsch nach Heiligkeit &#8211; Habe ich wirklich das Ziel, in meinem&#8230;<\/p>\n","protected":false},"author":1,"featured_media":52292,"parent":0,"menu_order":0,"comment_status":"closed","ping_status":"closed","template":"","meta":{"iawp_total_views":0,"footnotes":""},"class_list":["post-52300","page","type-page","status-publish","has-post-thumbnail","hentry"],"_links":{"self":[{"href":"https:\/\/www.donbosco.press\/de\/wp-json\/wp\/v2\/pages\/52300","targetHints":{"allow":["GET"]}}],"collection":[{"href":"https:\/\/www.donbosco.press\/de\/wp-json\/wp\/v2\/pages"}],"about":[{"href":"https:\/\/www.donbosco.press\/de\/wp-json\/wp\/v2\/types\/page"}],"author":[{"embeddable":true,"href":"https:\/\/www.donbosco.press\/de\/wp-json\/wp\/v2\/users\/1"}],"replies":[{"embeddable":true,"href":"https:\/\/www.donbosco.press\/de\/wp-json\/wp\/v2\/comments?post=52300"}],"version-history":[{"count":2,"href":"https:\/\/www.donbosco.press\/de\/wp-json\/wp\/v2\/pages\/52300\/revisions"}],"predecessor-version":[{"id":52305,"href":"https:\/\/www.donbosco.press\/de\/wp-json\/wp\/v2\/pages\/52300\/revisions\/52305"}],"wp:featuredmedia":[{"embeddable":true,"href":"https:\/\/www.donbosco.press\/de\/wp-json\/wp\/v2\/media\/52292"}],"wp:attachment":[{"href":"https:\/\/www.donbosco.press\/de\/wp-json\/wp\/v2\/media?parent=52300"}],"curies":[{"name":"wp","href":"https:\/\/api.w.org\/{rel}","templated":true}]}}