{"id":52273,"date":"2026-03-30T07:22:32","date_gmt":"2026-03-30T07:22:32","guid":{"rendered":"https:\/\/www.donbosco.press\/?page_id=52273"},"modified":"2026-03-30T07:23:25","modified_gmt":"2026-03-30T07:23:25","slug":"gewissenserforschung-ueber-charakterfehler","status":"publish","type":"page","link":"https:\/\/www.donbosco.press\/de\/gewissenserforschung-ueber-charakterfehler\/","title":{"rendered":"Gewissenserforschung \u00fcber Charakterfehler"},"content":{"rendered":"<p>&nbsp;<\/p>\n<p><strong>1. Hass, Intoleranz und Rassismus<br \/>\n<\/strong>&#8211; Habe ich jemanden so behandelt, als w\u00e4re er weniger wert, weil er einer anderen Rasse, Kultur oder Religion angeh\u00f6rt?<br \/>\n&#8211; Ist mir bewusst, dass niemand seine Hautfarbe oder sein Geburtsland gew\u00e4hlt hat?<br \/>\n&#8211; Habe ich jemanden abgelehnt oder verachtet, nur weil er anders ist als ich?<br \/>\n&#8211; Verschlie\u00dfe ich mich gegen\u00fcber denen, die nicht meiner Meinung sind?<\/p>\n<p><strong>2. Wut, Groll und mangelnde Vergebung<br \/>\n<\/strong>&#8211; Habe ich jemanden gehasst oder ihm B\u00f6ses gew\u00fcnscht, der mir Unrecht getan hat?<br \/>\n&#8211; Hege ich seit langer Zeit Groll?<br \/>\n&#8211; Freue ich mich innerlich, wenn es jemandem, der mich verletzt hat, schlecht geht?<br \/>\n&#8211; R\u00e4che ich mich mit Worten, Schweigen oder durch mein Verhalten?<br \/>\n&#8211; Hege ich keinen Groll gegen eine Person, Gruppe, Institution oder Idee?<br \/>\n&#8211; Lasse ich mich leicht von Wut \u00fcbermannen?<br \/>\n&#8211; Ist mir bewusst, dass ich verpflichtet bin zu vergeben, weil Gott mir zuerst vergeben hat (<em>\u201eWenn ihr aber den Menschen nicht vergebet, so wird euch euer Vater eure S\u00fcnden auch nicht vergeben\u201c<\/em>, Mt 6,15)?<\/p>\n<p><strong>3. Stolz und Hochmut<br \/>\n<\/strong>&#8211; Will ich immer Recht haben und gebe nie zu, dass ich mich geirrt habe?<br \/>\n&#8211; F\u00fchle ich mich anderen nicht \u00fcberlegen?<br \/>\n&#8211; Rede ich schlecht \u00fcber andere, um sie herabzusetzen oder zu vernichten?<br \/>\n&#8211; Rechtfertige ich meine Fehler nicht, nur um nicht sagen zu m\u00fcssen \u201eIch habe einen Fehler gemacht\u201c?<br \/>\n&#8211; Versuche ich nicht, besser zu erscheinen, als ich bin?<br \/>\n&#8211; Wenn man mich korrigiert, \u00e4rgere ich mich nicht oder f\u00fchle mich verletzt?<\/p>\n<p><strong>4.<\/strong> <strong>Egoismus und mangelnde N\u00e4chstenliebe<br \/>\n<\/strong>&#8211; Denke ich immer nur an meine eigenen Interessen, auch auf Kosten anderer?<br \/>\n&#8211; Nehme ich die Bed\u00fcrfnisse der Menschen um mich herum wahr?<br \/>\n&#8211; Gebe ich anderen die Schuld f\u00fcr meine Fehler, anstatt meine Verantwortung zu \u00fcbernehmen?<\/p>\n<p><strong>5. Neid und \u00fcble Nachrede<br \/>\n<\/strong>&#8211; Empfinde ich \u00c4rger oder Eifersucht, wenn es anderen gut geht?<br \/>\n&#8211; Rede ich aus Neid schlecht \u00fcber jemanden oder mache ihn l\u00e4cherlich?<br \/>\n&#8211; Vergleiche ich mein Leben nicht st\u00e4ndig mit dem anderer?<br \/>\n&#8211; Ist mir bewusst, dass Neid auch eine Folge mangelnder Dankbarkeit f\u00fcr das ist, was ich habe?<br \/>\n&#8211; Rede ich nicht hinter dem R\u00fccken schlecht \u00fcber andere?<br \/>\n&#8211; \u00dcbertreibe ich die Fehler anderer nicht?<br \/>\n&#8211; Urteile ich, ohne wirklich Bescheid zu wissen?<br \/>\n&#8211; Suche ich nicht immer das Negative in den Menschen?<br \/>\n&#8211; Benutze ich Worte, um zu verletzen oder zu diskreditieren?<\/p>\n<p><strong>6. Heuchelei und Doppelz\u00fcngigkeit<br \/>\n<\/strong>&#8211; Zeige ich nach au\u00dfen ein anderes Gesicht als zu Hause?<br \/>\n&#8211; Entspricht das, was ich anderen zeige, wirklich dem, was ich bin?<br \/>\n&#8211; Tue ich nicht nur Gutes, um gut dazustehen, und verberge dabei meine wahren Fehler?<\/p>\n<p><strong>7. Selbstrechtfertigung und mangelnde Aufrichtigkeit<br \/>\n<\/strong>&#8211; Rechtfertige ich mich immer, anstatt mich wirklich zu \u00e4ndern?<br \/>\n&#8211; Sage ich \u201eab morgen \u00e4ndere ich mich\u201c, aber tue dann nichts?<br \/>\n&#8211; Komme ich immer zu den Schlussfolgerungen, die mir am bequemsten sind?<\/p>\n<p><strong>8. Ungeduld und Empfindlichkeit<br \/>\n<\/strong>&#8211; Werde ich in allt\u00e4glichen Situationen leicht gereizt?<br \/>\n&#8211; F\u00fchle ich mich leicht beleidigt oder denke sofort schlecht \u00fcber andere?<br \/>\n&#8211; Vergesse ich nicht meine eigenen Fehler, wenn ich die der anderen beurteile?<\/p>\n<p><strong>9. Angst, Furcht und mangelndes Gottvertrauen<br \/>\n<\/strong>&#8211; Lebe ich oft in Angst und Sorge, ohne mich Gott anzuvertrauen?<br \/>\n&#8211; Habe ich keine \u00fcbertriebenen Zukunfts\u00e4ngste?<br \/>\n&#8211; Wenn ich unruhig bin, suche ich Gott oder verschlie\u00dfe ich mich in mir selbst?<\/p>\n<p><strong>10. Klagen und Selbstmitleid<br \/>\n<\/strong>&#8211; Klage ich st\u00e4ndig und sehe mehr das, was mir fehlt, als das, was ich habe?<br \/>\n&#8211; F\u00fchle ich mich nicht oft als Opfer der Umst\u00e4nde oder bin \u00fcberzeugt, dass mich niemand mag?<\/p>\n<p><strong>11. Anh\u00e4nglichkeit an G\u00fcter und Faulheit<br \/>\n<\/strong>&#8211; H\u00e4nge ich zu sehr an Bequemlichkeiten und lebe mit wenig Opfergeist?<br \/>\n&#8211; Schiebe ich auf, was ich tun muss, und suche immer den einfachsten Weg?<br \/>\n&#8211; Meide ich Verpflichtungen, die M\u00fche kosten?<\/p>\n<p><strong>12. Vernachl\u00e4ssigung des geistlichen Lebens<br \/>\n<\/strong>&#8211; Vernachl\u00e4ssige ich das Gebet und die Sakramente?<br \/>\n&#8211; Lebe ich den Glauben nur oberfl\u00e4chlich, ohne dass er meinen Charakter wirklich ver\u00e4ndert?<br \/>\n&#8211; Denke ich w\u00e4hrend des Tages an Gott?<br \/>\n&#8211; Glaube ich wirklich, dass auch die kleinsten Dinge, die aus Liebe zu Gott getan werden, einen Wert haben?<\/p>\n","protected":false},"excerpt":{"rendered":"<p>&nbsp; 1. Hass, Intoleranz und Rassismus &#8211; Habe ich jemanden so behandelt, als w\u00e4re er&#8230;<\/p>\n","protected":false},"author":1,"featured_media":52267,"parent":0,"menu_order":0,"comment_status":"closed","ping_status":"closed","template":"","meta":{"iawp_total_views":3,"footnotes":""},"class_list":["post-52273","page","type-page","status-publish","has-post-thumbnail","hentry"],"_links":{"self":[{"href":"https:\/\/www.donbosco.press\/de\/wp-json\/wp\/v2\/pages\/52273","targetHints":{"allow":["GET"]}}],"collection":[{"href":"https:\/\/www.donbosco.press\/de\/wp-json\/wp\/v2\/pages"}],"about":[{"href":"https:\/\/www.donbosco.press\/de\/wp-json\/wp\/v2\/types\/page"}],"author":[{"embeddable":true,"href":"https:\/\/www.donbosco.press\/de\/wp-json\/wp\/v2\/users\/1"}],"replies":[{"embeddable":true,"href":"https:\/\/www.donbosco.press\/de\/wp-json\/wp\/v2\/comments?post=52273"}],"version-history":[{"count":2,"href":"https:\/\/www.donbosco.press\/de\/wp-json\/wp\/v2\/pages\/52273\/revisions"}],"predecessor-version":[{"id":52283,"href":"https:\/\/www.donbosco.press\/de\/wp-json\/wp\/v2\/pages\/52273\/revisions\/52283"}],"wp:featuredmedia":[{"embeddable":true,"href":"https:\/\/www.donbosco.press\/de\/wp-json\/wp\/v2\/media\/52267"}],"wp:attachment":[{"href":"https:\/\/www.donbosco.press\/de\/wp-json\/wp\/v2\/media?parent=52273"}],"curies":[{"name":"wp","href":"https:\/\/api.w.org\/{rel}","templated":true}]}}