{"id":27074,"date":"2024-03-26T14:08:29","date_gmt":"2024-03-26T14:08:29","guid":{"rendered":"https:\/\/exciting-knuth.178-32-140-152.plesk.page\/litania-del-preziosissimo-sangue-di-n-s-gesu-cristo\/"},"modified":"2026-04-08T17:05:59","modified_gmt":"2026-04-08T17:05:59","slug":"die-litanei-vom-kostbarsten-blut-unseres-herrn-jesus-christus","status":"publish","type":"page","link":"https:\/\/www.donbosco.press\/de\/die-litanei-vom-kostbarsten-blut-unseres-herrn-jesus-christus\/","title":{"rendered":"Die Litanei vom kostbarsten Blut unseres Herrn Jesus Christus"},"content":{"rendered":"\r\n<p>&nbsp;<\/p>\r\n<p>&nbsp;<\/p>\r\n<div><style>\r\n            .table {\r\n                border-collapse: collapse;\r\n            }\r\n            .table td {\r\n                border: 1px solid #ccc;\r\n            }\r\n            .table td {\r\n                padding: 0.3rem;\r\n\t\t\t\twidth: 50%;\r\n\t\t\t}\r\n        <\/style><\/div>\r\n<table class=\"table\" cellspacing=\"0\" cellpadding=\"0\">\r\n<tbody>\r\n<tr>\r\n<td>\r\n<p><br \/><strong>LITANIA PRETIOSISSIMI SANGUINIS D.N.I.C.<br \/><\/strong><br \/><span style=\"color: red;\">\u2123.<\/span> Kyrie, eleison.<br \/>\u00a0\u00a0\u00a0<span style=\"color: red;\">\u211f.<\/span> Kyrie, eleison.<br \/><span style=\"color: red;\">\u2123.<\/span> Christe, eleison.<br \/>\u00a0\u00a0\u00a0<span style=\"color: red;\">\u211f.<\/span> Christe, eleison.<br \/><span style=\"color: red;\">\u2123.<\/span> Kyrie, eleison.<br \/>\u00a0\u00a0\u00a0<span style=\"color: red;\">\u211f.<\/span> Kyrie, eleison.<br \/><br \/><span style=\"color: red;\">\u2123.<\/span> Christe, audi nos.<br \/>\u00a0\u00a0\u00a0<span style=\"color: red;\">\u211f.<\/span> , audi nos.<br \/><span style=\"color: red;\">\u2123.<\/span> Christe, exaudi nos.<br \/>\u00a0\u00a0\u00a0<span style=\"color: red;\">\u211f.<\/span> Christe, exaudi nos.<br \/><br \/><span style=\"color: red;\">\u2123.<\/span> Pater de caelis, Deus,<br \/>\u00a0\u00a0\u00a0<span style=\"color: red;\">\u211f.<\/span> miserere nobis,<br \/><span style=\"color: red;\">\u2123.<\/span> Fili, redemptor mundi, Deus, *<br \/>\u00a0\u00a0\u00a0<span style=\"color: red;\">\u211f.<\/span> miserere nobis.<br \/><span style=\"color: red;\">\u2123.<\/span> Spiritus Sancte, Deus, *<br \/>\u00a0\u00a0\u00a0<span style=\"color: red;\">\u211f.<\/span> miserere nobis.<br \/><span style=\"color: red;\">\u2123.<\/span> Sancta Trinitas, unus Deus, *<br \/>\u00a0\u00a0\u00a0<span style=\"color: red;\">\u211f.<\/span> miserere nobis.<br \/><br \/><span style=\"color: red;\">\u2123.<\/span> Sanguis Christi, Unigeniti Patris Aeterni, <br \/>\u00a0\u00a0\u00a0<span style=\"color: red;\">\u211f.<\/span> <em> salva nos <\/em>(*).<br \/>Sanguis Christi, Verbi Dei incarnati, *<br \/>Sanguis Christi, Novi et aeterni Testamenti, *<br \/>Sanguis Christi, in agonia decurrens in terram, *<br \/>Sanguis Christi, in flagellatione profluens, *<br \/>Sanguis Christi, in coronatione spinarum emanans, *<br \/>Sanguis Christi, in Cruce effusus, *<br \/>Sanguis Christi, pretium nostrae salutis, *<br \/>Sanguis Christi, sine quo non fit remissio, *<br \/>Sanguis Christi, in Eucharistia potus et lavacrum animarum, *<br \/>Sanguis Christi, flumen misericordiae, *<br \/>Sanguis Christi, victor daemonum, *<br \/>Sanguis Christi, fortitudo Martyrum, *<br \/>Sanguis Christi, virtus Confessorum, *<br \/>Sanguis Christi, germinans Virgines, *<br \/>Sanguis Christi, robur periclitantium, *<br \/>Sanguis Christi, levamen laborantium, *<br \/>Sanguis Christi, in fletu solacium, *<br \/>Sanguis Christi, spes paenitentium, *<br \/>Sanguis Christi, solamen morientium, *<br \/>Sanguis Christi, pax et dulcedo cordium, *<br \/>Sanguis Christi, pignus vitae aeternae, *<br \/>Sanguis Christi, animas liberans de lacu Purgatorii, *<br \/>Sanguis Christi, omni gloria et honore dignissimus, *<br \/><br \/><span style=\"color: red;\">\u2123.<\/span> Agnus Dei, qui tollis peccata mundi,<br \/>\u00a0\u00a0\u00a0<span style=\"color: red;\">\u211f.<\/span> parce nobis, Domine.<br \/><span style=\"color: red;\">\u2123.<\/span> Agnus Dei, qui tollis peccata mundi,<br \/>\u00a0\u00a0\u00a0<span style=\"color: red;\">\u211f.<\/span> exaudi nos, Domine.<br \/><span style=\"color: red;\">\u2123.<\/span> Agnus Dei, qui tollis peccata mundi,<br \/>\u00a0\u00a0\u00a0<span style=\"color: red;\">\u211f.<\/span> miserere nobis.<br \/><br \/><span style=\"color: red;\">\u2123.<\/span> Redemisti nos, Domine, in Sanguine tuo,<br \/>\u00a0\u00a0\u00a0<span style=\"color: red;\">\u211f.<\/span> Et fecisti nos Deo nostro regnum.<br \/><br \/>Oremus.<br \/>Omnipotens sempiterne Deus, qui unigenitum Filium tuum mundi Redemptorem constituisti, ac eius Sanguine placari voluisti: concede, quaesumus, salutis nostrae pretium ita venerari, atque a praesentis vitae malis eius virtute defendi in terris, ut fructu perpetuo laetemur in caelis. Per eundem Christum Dominum nostrum.<br \/>\u00a0\u00a0\u00a0<span style=\"color: red;\">\u211f.<\/span> Amen.<br \/><br \/><em>&#8211; Orationes cum indulgentiae, Enchiridion Indulgentiarum n.: 22;<br \/>&#8211; Textum venit: Congregatio pro sacri ritibus et caeremoniis; a Ioanne XXIII promulgato, 24.02.1960.<br \/><\/em><\/p>\r\n<\/td>\r\n<td>\r\n<p><br \/><strong>LITANEI VOM KOSTBARSTEN BLUT UNSERES HERRN JESUS CHRISTUS<br \/><\/strong><br \/><span style=\"color: red;\">\u2123.<\/span> Herr, erbarme dich.<br \/>\u00a0\u00a0\u00a0<span style=\"color: red;\">\u211f.<\/span> Herr, erbarme dich.<br \/><span style=\"color: red;\">\u2123.<\/span> Christus, erbarme dich.<br \/>\u00a0\u00a0\u00a0<span style=\"color: red;\">\u211f.<\/span> Christus, erbarme dich.<br \/><span style=\"color: red;\">\u2123.<\/span> Herr, erbarme dich.<br \/>\u00a0\u00a0\u00a0<span style=\"color: red;\">\u211f.<\/span> Herr, erbarme dich.<br \/><br \/><span style=\"color: red;\">\u2123.<\/span> Christus, h\u00f6re uns.<br \/>\u00a0\u00a0\u00a0<span style=\"color: red;\">\u211f.<\/span> Christus, h\u00f6re uns.<br \/><span style=\"color: red;\">\u2123.<\/span> Christus, erh\u00f6re uns.<br \/>\u00a0\u00a0\u00a0<span style=\"color: red;\">\u211f.<\/span> Christus, erh\u00f6re uns.<br \/><br \/><span style=\"color: red;\">\u2123.<\/span> Gott Vater im Himmel,<br \/>\u00a0\u00a0\u00a0<span style=\"color: red;\">\u211f.<\/span> erbarme dich unser.<br \/><span style=\"color: red;\">\u2123.<\/span> Gott Sohn, Erl\u00f6ser der Welt,<br \/>\u00a0\u00a0\u00a0<span style=\"color: red;\">\u211f.<\/span> erbarme dich unser.<br \/><span style=\"color: red;\">\u2123.<\/span> Gott Heiliger Geist,<br \/>\u00a0\u00a0\u00a0<span style=\"color: red;\">\u211f.<\/span> erbarme dich unser.<br \/><span style=\"color: red;\">\u2123.<\/span> Heilige Dreifaltigkeit, ein einiger Gott,<br \/>\u00a0\u00a0\u00a0<span style=\"color: red;\">\u211f.<\/span> erbarme dich unser.<br \/><br \/><span style=\"color: red;\">\u2123.<\/span> Blut Christi,<br \/>\u00a0\u00a0\u00a0<span style=\"color: red;\">\u211f.<\/span> <em> rette uns. (*)<\/em>.<br \/>Blut Christi, des Eingeborenen des ewigen Vaters, *<br \/>Blut Christi, des menschgewordenen Wortes, *<br \/>Blut Christi, des Neuen und ewigen Bundes, *<br \/>Blut Christi, n der Todesangst zur Erde geronnen, *<br \/>Blut Christi, bei der Gei\u00dfelung vergossen, *<br \/>Blut Christi, bei der Dornenkr\u00f6nung verstr\u00f6mt, *<br \/>Blut Christi, am Kreuze ausgegossen, *<br \/>Blut Christi, Kaufpreis unseres Heiles, *<br \/>Blut Christi, einzige Vergebung der S\u00fcnden, *<br \/>Blut Christi, im Altarsakrament Trank und Reinigung der Seelen, *<br \/>Blut Christi, Strom der Barmherzigkeit, *<br \/>Blut Christi, Besieger aller b\u00f6sen Geister, *<br \/>Blut Christi, Starkmut der M\u00e4rtyrer, *<br \/>Blut Christi, Kraft der Bekenner, *<br \/>Blut Christi, Lebensquell der Jungfrauen, *<br \/>Blut Christi, St\u00fctze der Gef\u00e4hrdeten, *<br \/>Blut Christi, Linderung der Leidenden, *<br \/>Blut Christi, Trost der Weinenden, *<br \/>Blut Christi, Hoffnung der B\u00fc\u00dfenden, *<br \/>Blut Christi, Zuflucht der Sterbenden, *<br \/>Blut Christi, Friede und Wonne aller Heiligen, *<br \/>Blut Christi, Unterpfand des ewigen Lebens, *<br \/>Blut Christi, Erl\u00f6sung aus den Tiefen des Reinigungsortes, *<br \/>Blut Christi, aller Herrlichkeit und Ehre \u00fcberaus w\u00fcrdig, *<br \/><br \/><span style=\"color: red;\">\u2123.<\/span> Lamm Gottes, du nimmst hinweg die S\u00fcnden der Welt,<br \/>\u00a0\u00a0\u00a0<span style=\"color: red;\">\u211f.<\/span> verschone uns, o Herr.<br \/><span style=\"color: red;\">\u2123.<\/span> Lamm Gottes, du nimmst hinweg die S\u00fcnden der Welt,<br \/>\u00a0\u00a0\u00a0<span style=\"color: red;\">\u211f.<\/span> erh\u00f6re uns, o Herr.<br \/><span style=\"color: red;\">\u2123.<\/span> Lamm Gottes, du nimmst hinweg die S\u00fcnden der Welt,<br \/>\u00a0\u00a0\u00a0<span style=\"color: red;\">\u211f.<\/span> erbarme dich unser, o Herr.<br \/><br \/><span style=\"color: red;\">\u2123.<\/span> Du hast uns erl\u00f6st, o Herr, in Deinem Blute.<br \/>\u00a0\u00a0\u00a0<span style=\"color: red;\">\u211f.<\/span> Und uns zu einem Reich unseres Gottes gemacht.<br \/><br \/>Lasset uns beten.<br \/>Allm\u00e4chtiger ewiger Gott, Du hast Deinen eingeborenen Sohn zum Erl\u00f6ser der Welt eingesetzt und wolltest durch sein Blut Dich vers\u00f6hnen lassen, so lasse uns denn, wir bitten Dich, den L\u00f6sepreis unseres Heiles verehren und durch seine Kraft vor den \u00dcbeln dieses Lebens auf Erden beschirmt werden, so dass wir uns im Himmel ewig seiner Frucht erfreuen d\u00fcrfen, durch Christus unseren Herrn.<br \/>\u00a0\u00a0\u00a0<span style=\"color: red;\">\u211f.<\/span> Amen.<br \/><br \/><em>&#8211; Verwendung: Verehrung des Kostbaren Blutes unseres Herrn Jesus Christus;<\/em><br \/><em>&#8211; Herkunft: St. Gaspar del Bufalo (1786-1837), Gr\u00fcnder der Missionare vom Kostbaren Blut;<\/em><br \/><em>&#8211; Ablassgebet, Handbuch der Abl\u00e4sse Nr.: 22;<\/em><br \/><em>&#8211; Text nach: Heilige Ritenkongregation; begr\u00fcndet von Papst Johannes XXIII. am 24.02.1960.<br \/><\/em><\/p>\r\n<\/td>\r\n<\/tr>\r\n<\/tbody>\r\n<\/table>\r\n","protected":false},"excerpt":{"rendered":"<p>&nbsp; &nbsp; LITANIA PRETIOSISSIMI SANGUINIS D.N.I.C.\u2123. Kyrie, eleison.\u00a0\u00a0\u00a0\u211f. Kyrie, eleison.\u2123. Christe, eleison.\u00a0\u00a0\u00a0\u211f. Christe, eleison.\u2123. Kyrie,&#8230;<\/p>\n","protected":false},"author":1,"featured_media":0,"parent":0,"menu_order":0,"comment_status":"closed","ping_status":"closed","template":"","meta":{"iawp_total_views":78,"footnotes":""},"class_list":["post-27074","page","type-page","status-publish","hentry"],"_links":{"self":[{"href":"https:\/\/www.donbosco.press\/de\/wp-json\/wp\/v2\/pages\/27074","targetHints":{"allow":["GET"]}}],"collection":[{"href":"https:\/\/www.donbosco.press\/de\/wp-json\/wp\/v2\/pages"}],"about":[{"href":"https:\/\/www.donbosco.press\/de\/wp-json\/wp\/v2\/types\/page"}],"author":[{"embeddable":true,"href":"https:\/\/www.donbosco.press\/de\/wp-json\/wp\/v2\/users\/1"}],"replies":[{"embeddable":true,"href":"https:\/\/www.donbosco.press\/de\/wp-json\/wp\/v2\/comments?post=27074"}],"version-history":[{"count":1,"href":"https:\/\/www.donbosco.press\/de\/wp-json\/wp\/v2\/pages\/27074\/revisions"}],"predecessor-version":[{"id":52741,"href":"https:\/\/www.donbosco.press\/de\/wp-json\/wp\/v2\/pages\/27074\/revisions\/52741"}],"wp:attachment":[{"href":"https:\/\/www.donbosco.press\/de\/wp-json\/wp\/v2\/media?parent=27074"}],"curies":[{"name":"wp","href":"https:\/\/api.w.org\/{rel}","templated":true}]}}