{"id":26123,"date":"2024-01-23T10:13:47","date_gmt":"2024-01-23T10:13:47","guid":{"rendered":"https:\/\/exciting-knuth.178-32-140-152.plesk.page\/?page_id=26123"},"modified":"2026-04-08T17:07:43","modified_gmt":"2026-04-08T17:07:43","slug":"wie-kann-man-die-sprache-der-untertitel-fuer-videos-auf-youtube-aendern-indem-man-den-automatischen-uebersetzer-benutzt","status":"publish","type":"page","link":"https:\/\/www.donbosco.press\/de\/wie-kann-man-die-sprache-der-untertitel-fuer-videos-auf-youtube-aendern-indem-man-den-automatischen-uebersetzer-benutzt\/","title":{"rendered":"Wie kann man die Sprache der Untertitel f\u00fcr Videos auf YouTube \u00e4ndern, indem man den automatischen \u00dcbersetzer benutzt"},"content":{"rendered":"\r\n<figure class=\"wp-block-image size-full\"><img loading=\"lazy\" decoding=\"async\" width=\"978\" height=\"618\" class=\"wp-image-26067\" src=\"https:\/\/www.donbosco.press\/wp-content\/uploads\/2024\/01\/Cambiare-la-lingua-dei-sottotitoli-Youtube-2-a.jpg\" alt=\"\" srcset=\"https:\/\/www.donbosco.press\/wp-content\/uploads\/2024\/01\/Cambiare-la-lingua-dei-sottotitoli-Youtube-2-a.jpg 978w, https:\/\/www.donbosco.press\/wp-content\/uploads\/2024\/01\/Cambiare-la-lingua-dei-sottotitoli-Youtube-2-a-300x190.jpg 300w, https:\/\/www.donbosco.press\/wp-content\/uploads\/2024\/01\/Cambiare-la-lingua-dei-sottotitoli-Youtube-2-a-768x485.jpg 768w, https:\/\/www.donbosco.press\/wp-content\/uploads\/2024\/01\/Cambiare-la-lingua-dei-sottotitoli-Youtube-2-a-150x95.jpg 150w, https:\/\/www.donbosco.press\/wp-content\/uploads\/2024\/01\/Cambiare-la-lingua-dei-sottotitoli-Youtube-2-a-696x440.jpg 696w, https:\/\/www.donbosco.press\/wp-content\/uploads\/2024\/01\/Cambiare-la-lingua-dei-sottotitoli-Youtube-2-a-665x420.jpg 665w\" sizes=\"auto, (max-width: 978px) 100vw, 978px\" \/><\/figure>\r\n\r\n\r\n\r\n<p>&nbsp;<\/p>\r\n\r\n\r\n\r\n<figure class=\"wp-block-image size-full\"><img loading=\"lazy\" decoding=\"async\" width=\"982\" height=\"622\" class=\"wp-image-26074\" src=\"https:\/\/www.donbosco.press\/wp-content\/uploads\/2024\/01\/Cambiare-la-lingua-dei-sottotitoli-Youtube-2-b.jpg\" alt=\"\" srcset=\"https:\/\/www.donbosco.press\/wp-content\/uploads\/2024\/01\/Cambiare-la-lingua-dei-sottotitoli-Youtube-2-b.jpg 982w, https:\/\/www.donbosco.press\/wp-content\/uploads\/2024\/01\/Cambiare-la-lingua-dei-sottotitoli-Youtube-2-b-300x190.jpg 300w, https:\/\/www.donbosco.press\/wp-content\/uploads\/2024\/01\/Cambiare-la-lingua-dei-sottotitoli-Youtube-2-b-768x486.jpg 768w, https:\/\/www.donbosco.press\/wp-content\/uploads\/2024\/01\/Cambiare-la-lingua-dei-sottotitoli-Youtube-2-b-150x95.jpg 150w, https:\/\/www.donbosco.press\/wp-content\/uploads\/2024\/01\/Cambiare-la-lingua-dei-sottotitoli-Youtube-2-b-696x441.jpg 696w, https:\/\/www.donbosco.press\/wp-content\/uploads\/2024\/01\/Cambiare-la-lingua-dei-sottotitoli-Youtube-2-b-663x420.jpg 663w\" sizes=\"auto, (max-width: 982px) 100vw, 982px\" \/><\/figure>\r\n\r\n\r\n\r\n<p>&nbsp;<\/p>\r\n\r\n\r\n\r\n<figure class=\"wp-block-image size-full is-resized\"><img loading=\"lazy\" decoding=\"async\" width=\"978\" height=\"617\" class=\"wp-image-26081\" style=\"width: 975px; height: auto;\" src=\"https:\/\/www.donbosco.press\/wp-content\/uploads\/2024\/01\/Cambiare-la-lingua-dei-sottotitoli-Youtube-2-c.jpg\" alt=\"\" srcset=\"https:\/\/www.donbosco.press\/wp-content\/uploads\/2024\/01\/Cambiare-la-lingua-dei-sottotitoli-Youtube-2-c.jpg 978w, https:\/\/www.donbosco.press\/wp-content\/uploads\/2024\/01\/Cambiare-la-lingua-dei-sottotitoli-Youtube-2-c-300x189.jpg 300w, https:\/\/www.donbosco.press\/wp-content\/uploads\/2024\/01\/Cambiare-la-lingua-dei-sottotitoli-Youtube-2-c-768x485.jpg 768w, https:\/\/www.donbosco.press\/wp-content\/uploads\/2024\/01\/Cambiare-la-lingua-dei-sottotitoli-Youtube-2-c-150x95.jpg 150w, https:\/\/www.donbosco.press\/wp-content\/uploads\/2024\/01\/Cambiare-la-lingua-dei-sottotitoli-Youtube-2-c-696x439.jpg 696w, https:\/\/www.donbosco.press\/wp-content\/uploads\/2024\/01\/Cambiare-la-lingua-dei-sottotitoli-Youtube-2-c-666x420.jpg 666w\" sizes=\"auto, (max-width: 978px) 100vw, 978px\" \/><\/figure>\r\n\r\n\r\n\r\n<p>&nbsp;<\/p>\r\n\r\n\r\n\r\n<figure class=\"wp-block-image size-full is-resized\"><img loading=\"lazy\" decoding=\"async\" width=\"979\" height=\"621\" class=\"wp-image-26088\" style=\"width: 975px; height: auto;\" src=\"https:\/\/www.donbosco.press\/wp-content\/uploads\/2024\/01\/Cambiare-la-lingua-dei-sottotitoli-Youtube-2-d.jpg\" alt=\"\" srcset=\"https:\/\/www.donbosco.press\/wp-content\/uploads\/2024\/01\/Cambiare-la-lingua-dei-sottotitoli-Youtube-2-d.jpg 979w, https:\/\/www.donbosco.press\/wp-content\/uploads\/2024\/01\/Cambiare-la-lingua-dei-sottotitoli-Youtube-2-d-300x190.jpg 300w, https:\/\/www.donbosco.press\/wp-content\/uploads\/2024\/01\/Cambiare-la-lingua-dei-sottotitoli-Youtube-2-d-768x487.jpg 768w, https:\/\/www.donbosco.press\/wp-content\/uploads\/2024\/01\/Cambiare-la-lingua-dei-sottotitoli-Youtube-2-d-150x95.jpg 150w, https:\/\/www.donbosco.press\/wp-content\/uploads\/2024\/01\/Cambiare-la-lingua-dei-sottotitoli-Youtube-2-d-696x441.jpg 696w, https:\/\/www.donbosco.press\/wp-content\/uploads\/2024\/01\/Cambiare-la-lingua-dei-sottotitoli-Youtube-2-d-662x420.jpg 662w\" sizes=\"auto, (max-width: 979px) 100vw, 979px\" \/><\/figure>\r\n\r\n\r\n\r\n<p>&nbsp;<\/p>\r\n\r\n\r\n\r\n<figure class=\"wp-block-image size-full is-resized\"><img loading=\"lazy\" decoding=\"async\" width=\"979\" height=\"620\" class=\"wp-image-26095\" style=\"width: 971px; height: auto;\" src=\"https:\/\/www.donbosco.press\/wp-content\/uploads\/2024\/01\/Cambiare-la-lingua-dei-sottotitoli-Youtube-2-e.jpg\" alt=\"\" srcset=\"https:\/\/www.donbosco.press\/wp-content\/uploads\/2024\/01\/Cambiare-la-lingua-dei-sottotitoli-Youtube-2-e.jpg 979w, https:\/\/www.donbosco.press\/wp-content\/uploads\/2024\/01\/Cambiare-la-lingua-dei-sottotitoli-Youtube-2-e-300x190.jpg 300w, https:\/\/www.donbosco.press\/wp-content\/uploads\/2024\/01\/Cambiare-la-lingua-dei-sottotitoli-Youtube-2-e-768x486.jpg 768w, https:\/\/www.donbosco.press\/wp-content\/uploads\/2024\/01\/Cambiare-la-lingua-dei-sottotitoli-Youtube-2-e-150x95.jpg 150w, https:\/\/www.donbosco.press\/wp-content\/uploads\/2024\/01\/Cambiare-la-lingua-dei-sottotitoli-Youtube-2-e-696x441.jpg 696w, https:\/\/www.donbosco.press\/wp-content\/uploads\/2024\/01\/Cambiare-la-lingua-dei-sottotitoli-Youtube-2-e-663x420.jpg 663w\" sizes=\"auto, (max-width: 979px) 100vw, 979px\" \/><\/figure>\r\n\r\n\r\n\r\n<p>&nbsp;<\/p>\r\n\r\n\r\n\r\n<figure class=\"wp-block-image size-full\"><img loading=\"lazy\" decoding=\"async\" width=\"980\" height=\"618\" class=\"wp-image-26102\" src=\"https:\/\/www.donbosco.press\/wp-content\/uploads\/2024\/01\/Cambiare-la-lingua-dei-sottotitoli-Youtube-2-f.jpg\" alt=\"\" srcset=\"https:\/\/www.donbosco.press\/wp-content\/uploads\/2024\/01\/Cambiare-la-lingua-dei-sottotitoli-Youtube-2-f.jpg 980w, https:\/\/www.donbosco.press\/wp-content\/uploads\/2024\/01\/Cambiare-la-lingua-dei-sottotitoli-Youtube-2-f-300x189.jpg 300w, https:\/\/www.donbosco.press\/wp-content\/uploads\/2024\/01\/Cambiare-la-lingua-dei-sottotitoli-Youtube-2-f-768x484.jpg 768w, https:\/\/www.donbosco.press\/wp-content\/uploads\/2024\/01\/Cambiare-la-lingua-dei-sottotitoli-Youtube-2-f-150x95.jpg 150w, https:\/\/www.donbosco.press\/wp-content\/uploads\/2024\/01\/Cambiare-la-lingua-dei-sottotitoli-Youtube-2-f-696x439.jpg 696w, https:\/\/www.donbosco.press\/wp-content\/uploads\/2024\/01\/Cambiare-la-lingua-dei-sottotitoli-Youtube-2-f-666x420.jpg 666w\" sizes=\"auto, (max-width: 980px) 100vw, 980px\" \/><\/figure>\r\n\r\n\r\n\r\n<p>&nbsp;<\/p>\r\n\r\n\r\n\r\n<figure class=\"wp-block-image size-full\"><img loading=\"lazy\" decoding=\"async\" width=\"976\" height=\"611\" class=\"wp-image-26109\" src=\"https:\/\/www.donbosco.press\/wp-content\/uploads\/2024\/01\/Cambiare-la-lingua-dei-sottotitoli-Youtube-2-g.jpg\" alt=\"\" srcset=\"https:\/\/www.donbosco.press\/wp-content\/uploads\/2024\/01\/Cambiare-la-lingua-dei-sottotitoli-Youtube-2-g.jpg 976w, https:\/\/www.donbosco.press\/wp-content\/uploads\/2024\/01\/Cambiare-la-lingua-dei-sottotitoli-Youtube-2-g-300x188.jpg 300w, https:\/\/www.donbosco.press\/wp-content\/uploads\/2024\/01\/Cambiare-la-lingua-dei-sottotitoli-Youtube-2-g-768x481.jpg 768w, https:\/\/www.donbosco.press\/wp-content\/uploads\/2024\/01\/Cambiare-la-lingua-dei-sottotitoli-Youtube-2-g-150x94.jpg 150w, https:\/\/www.donbosco.press\/wp-content\/uploads\/2024\/01\/Cambiare-la-lingua-dei-sottotitoli-Youtube-2-g-696x436.jpg 696w, https:\/\/www.donbosco.press\/wp-content\/uploads\/2024\/01\/Cambiare-la-lingua-dei-sottotitoli-Youtube-2-g-671x420.jpg 671w\" sizes=\"auto, (max-width: 976px) 100vw, 976px\" \/><\/figure>\r\n","protected":false},"excerpt":{"rendered":"<p>&nbsp; &nbsp; &nbsp; &nbsp; &nbsp; &nbsp;<\/p>\n","protected":false},"author":1,"featured_media":0,"parent":0,"menu_order":0,"comment_status":"closed","ping_status":"closed","template":"","meta":{"iawp_total_views":4,"footnotes":""},"class_list":["post-26123","page","type-page","status-publish","hentry"],"_links":{"self":[{"href":"https:\/\/www.donbosco.press\/de\/wp-json\/wp\/v2\/pages\/26123","targetHints":{"allow":["GET"]}}],"collection":[{"href":"https:\/\/www.donbosco.press\/de\/wp-json\/wp\/v2\/pages"}],"about":[{"href":"https:\/\/www.donbosco.press\/de\/wp-json\/wp\/v2\/types\/page"}],"author":[{"embeddable":true,"href":"https:\/\/www.donbosco.press\/de\/wp-json\/wp\/v2\/users\/1"}],"replies":[{"embeddable":true,"href":"https:\/\/www.donbosco.press\/de\/wp-json\/wp\/v2\/comments?post=26123"}],"version-history":[{"count":2,"href":"https:\/\/www.donbosco.press\/de\/wp-json\/wp\/v2\/pages\/26123\/revisions"}],"predecessor-version":[{"id":52752,"href":"https:\/\/www.donbosco.press\/de\/wp-json\/wp\/v2\/pages\/26123\/revisions\/52752"}],"wp:attachment":[{"href":"https:\/\/www.donbosco.press\/de\/wp-json\/wp\/v2\/media?parent=26123"}],"curies":[{"name":"wp","href":"https:\/\/api.w.org\/{rel}","templated":true}]}}