{"id":11944,"date":"2022-12-29T10:56:37","date_gmt":"2022-12-29T10:56:37","guid":{"rendered":"https:\/\/exciting-knuth.178-32-140-152.plesk.page\/note-sul-calendario\/"},"modified":"2023-01-23T13:36:46","modified_gmt":"2023-01-23T13:36:46","slug":"kalendereintrage","status":"publish","type":"page","link":"https:\/\/www.donbosco.press\/de\/kalendereintrage\/","title":{"rendered":"Kalendereintr\u00e4ge"},"content":{"rendered":"<p>Der auf dieser Webseite dargestellte Kalender ist der offizielle salesianische Kalender der Salesianischen Gesellschaft des hl. Johannes Bosco \u201eParvum calendarium ad usum SDB\u201c und \u201eAddenda et varianda in Officio et Missa\u201c, der in der erweiterten lateinischen Version und in \u00dcbersetzung vorliegt.<\/p>\n<p>Es ist der allgemeine r\u00f6mische Kalender der katholischen Kirche, zu dem der eigene, vom Heiligen Stuhl genehmigte Salesianische Kalender hinzukommt. Wie \u00fcblich muss dieser Kalender, um f\u00fcr alle Beteiligten nutzbar zu sein, mit den Festen des jeweiligen Ortes angepasst werden: kontinentale, nationale, regionale, di\u00f6zesane, provinzielle Feste, die von den \u00f6rtlichen Beh\u00f6rden (Bischofskonferenzen, Di\u00f6zesen usw.) genehmigt wurden.<\/p>\n<p>Die lateinische Version kann durch Anklicken des hellgrauen Reiter-Titels \u201eParvum calendarium ad usum SDB et addenda et varianda in Officio et Missa\u201c angezeigt werden. Wie \u00fcblich werden hier auch liturgische Varianten f\u00fcr die Feierlichkeiten angegeben.<\/p>\n<p>Um mehr \u00fcber den Gedenkanlass zu erfahren, wurden weitere Hinweise hinzugef\u00fcgt, einschlie\u00dflich Links zu verschiedenen externen Websites, die &#8211; mit all ihren Einschr\u00e4nkungen und besonderen Sichtweisen &#8211; zus\u00e4tzliche Informationen bieten. Der Inhalt dieser Websites spiegelt nicht unbedingt die offizielle Position der Salesianischen Gesellschaft des hl. Johannes Bosco wider.<\/p>\n<p><em><i>Legende<\/i><\/em><\/p>\n<table>\n<tbody>\n<tr>\n<td width=\"255\">Gro\u00dfbuchstaben in roter Fettschrift:<\/td>\n<td width=\"368\"><span style=\"color: #ff0000;\"><strong><b>HOCHFEST<\/b><\/strong><\/span><\/td>\n<\/tr>\n<tr>\n<td width=\"255\">Gro\u00dfbuchstaben in roter Fettschrift mit Kreuz:<\/td>\n<td width=\"368\"><span style=\"color: #ff0000;\"><strong><b>\u2020<\/b><\/strong><strong><b> Gebotenes HOCHFEST<\/b><\/strong><\/span><\/td>\n<\/tr>\n<tr>\n<td width=\"255\">Blaue Fettschrift:<\/td>\n<td width=\"368\"><span style=\"color: #0000ff;\"><strong><b>Feiertag<\/b><\/strong><\/span><\/td>\n<\/tr>\n<tr>\n<td width=\"255\">Gr\u00fcne <em>Kursivschrift<\/em>:<\/td>\n<td width=\"368\"><span style=\"color: #339966;\"><em><i>Gebotener Gedenktag<\/i><\/em><\/span><\/td>\n<\/tr>\n<tr>\n<td width=\"255\">Fettdruck:<\/td>\n<td width=\"368\">Nichtgebotener Gedenktag<\/td>\n<\/tr>\n<tr>\n<td width=\"255\">In eckigen Klammern [&#8230;]:<\/td>\n<td width=\"368\">Feierlichkeiten, die von Land zu Land unterschiedlich sein k\u00f6nnen, je nach den von den \u00f6rtlichen Beh\u00f6rden festgelegten Normen<\/td>\n<\/tr>\n<\/tbody>\n<\/table>\n","protected":false},"excerpt":{"rendered":"<p>Der auf dieser Webseite dargestellte Kalender ist der offizielle salesianische Kalender der Salesianischen Gesellschaft des&#8230;<\/p>\n","protected":false},"author":1,"featured_media":0,"parent":0,"menu_order":0,"comment_status":"closed","ping_status":"closed","template":"","meta":{"iawp_total_views":9,"footnotes":""},"class_list":["post-11944","page","type-page","status-publish","hentry"],"_links":{"self":[{"href":"https:\/\/www.donbosco.press\/de\/wp-json\/wp\/v2\/pages\/11944","targetHints":{"allow":["GET"]}}],"collection":[{"href":"https:\/\/www.donbosco.press\/de\/wp-json\/wp\/v2\/pages"}],"about":[{"href":"https:\/\/www.donbosco.press\/de\/wp-json\/wp\/v2\/types\/page"}],"author":[{"embeddable":true,"href":"https:\/\/www.donbosco.press\/de\/wp-json\/wp\/v2\/users\/1"}],"replies":[{"embeddable":true,"href":"https:\/\/www.donbosco.press\/de\/wp-json\/wp\/v2\/comments?post=11944"}],"version-history":[{"count":0,"href":"https:\/\/www.donbosco.press\/de\/wp-json\/wp\/v2\/pages\/11944\/revisions"}],"wp:attachment":[{"href":"https:\/\/www.donbosco.press\/de\/wp-json\/wp\/v2\/media?parent=11944"}],"curies":[{"name":"wp","href":"https:\/\/api.w.org\/{rel}","templated":true}]}}